{"id":1148,"date":"2024-09-03T14:47:48","date_gmt":"2024-09-03T12:47:48","guid":{"rendered":"https:\/\/www.palmblattbibliotheken.de\/?page_id=1148"},"modified":"2025-04-28T11:15:36","modified_gmt":"2025-04-28T09:15:36","slug":"online-lesungen","status":"publish","type":"page","link":"https:\/\/www.palmblattbibliotheken.de\/it\/online-lesungen\/","title":{"rendered":"Letture online delle foglie del destino"},"content":{"rendered":"<div data-elementor-type=\"wp-page\" data-elementor-id=\"1148\" class=\"elementor elementor-1148\">\n\t\t\t\t\t\t\t<div class=\"elementor-element elementor-element-81dd1a1 e-con-full e-flex e-con e-parent\" data-id=\"81dd1a1\" data-element_type=\"container\">\r\n\t\t\t\t\t\t<div class=\"elementor-element elementor-element-01a64dd e-flex e-con-boxed e-con e-child\" data-id=\"01a64dd\" data-element_type=\"container\" data-settings=\"{&quot;background_background&quot;:&quot;classic&quot;}\">\r\n\t\t\t\t\t\t\t<div class=\"e-con-inner\">\r\n\t\t\t\t\t\t<div class=\"elementor-element elementor-element-ba229b8 elementor-widget elementor-widget-heading\" data-id=\"ba229b8\" data-element_type=\"widget\" data-widget_type=\"heading.default\">\n\t\t\t\t<div class=\"elementor-widget-container\">\n\t\t\t\t\t<h1 class=\"elementor-heading-title elementor-size-default\">Lettura online delle foglie del destino<\/h1>\t\t\t\t<\/div>\n\t\t\t\t<\/div>\n\t\t\t\t\t\t<\/div>\r\n\t\t\t\t\r\n\t\t\t<\/div>\r\n\t\t\t\r\n\t\t\t<\/div>\r\n\t\t\t\t\t\t<div class=\"elementor-element elementor-element-b090bf4 e-flex e-con-boxed e-con e-parent\" data-id=\"b090bf4\" data-element_type=\"container\">\r\n\t\t\t\t\t\t\t<div class=\"e-con-inner\">\r\n\t\t\t\t\t\t<div class=\"elementor-element elementor-element-0df11d8 elementor-widget elementor-widget-udesign_widget_breadcrumb\" data-id=\"0df11d8\" data-element_type=\"widget\" data-widget_type=\"udesign_widget_breadcrumb.default\">\n\t\t\t\t<div class=\"elementor-widget-container\">\n\t\t\t\t\t<ol class=\"breadcrumb\"><li><a href=\"https:\/\/www.palmblattbibliotheken.de\/it\" aria-label=\"Breadcrumb\">Home<\/a><\/li><\/ol><script type=\"application\/ld+json\">{\"@context\":\"https:\\\/\\\/schema.org\\\/\",\"@type\":\"BreadcrumbList\",\"itemListElement\":[{\"@type\":\"ListItem\",\"position\":1,\"item\":{\"name\":\"Home\",\"@id\":\"https:\\\/\\\/www.palmblattbibliotheken.de\\\/it\"}}]}<\/script>\t\t\t\t<\/div>\n\t\t\t\t<\/div>\n\t\t\t\t\t\t<\/div>\r\n\t\t\t\t\r\n\t\t\t<\/div>\r\n\t\t\t\t\t\t<div class=\"elementor-element elementor-element-8c6bcc2 e-flex e-con-boxed e-con e-parent\" data-id=\"8c6bcc2\" data-element_type=\"container\">\r\n\t\t\t\t\t\t\t<div class=\"e-con-inner\">\r\n\t\t\t\t\t\t\t<div class=\"elementor-element elementor-element-3cc723a e-con-full e-flex e-con e-child\" data-id=\"3cc723a\" data-element_type=\"container\">\r\n\t\t\t\t\t<div class=\"elementor-element elementor-element-fdb454d elementor-widget elementor-widget-heading\" data-id=\"fdb454d\" data-element_type=\"widget\" data-widget_type=\"heading.default\">\n\t\t\t\t<div class=\"elementor-widget-container\">\n\t\t\t\t\t<h4 class=\"elementor-heading-title elementor-size-default\">Offriamo la lettura online delle foglie del destino<\/h4>\t\t\t\t<\/div>\n\t\t\t\t<\/div>\n\t\t\t\t\t<div class=\"elementor-element elementor-element-7c6139b e-con-full e-flex e-con e-child\" data-id=\"7c6139b\" data-element_type=\"container\">\r\n\t\t\t\t\t<div class=\"elementor-element elementor-element-79b82da elementor-widget elementor-widget-text-editor\" data-id=\"79b82da\" data-element_type=\"widget\" data-widget_type=\"text-editor.default\">\n\t\t\t\t<div class=\"elementor-widget-container\">\n\t\t\t\t\t\t\t\t\t<ul><li>Ricevi la lettura della tua personale foglia del desino comodamente da casa tua.<\/li><li>Die Lesung findet per Zoom statt, wird live \u00fcbersetzt und aufgezeichnet,<\/li><li>Riceverai la registrazione alla fine della lettura.<\/li><li>Durante la lettura \u00e8 possibile fare domande su tutti i temi e gli ambiti della vita.<\/li><li>Viene letto ogni capitolo rilevante per rispondere alle attuali domande della tua vita.<\/li><li>Costo: 380,-\u20ac<\/li><li>I tempi di attesa vanno dalle 4 alle 6 settimane<\/li><\/ul><h5><img loading=\"lazy\" decoding=\"async\" class=\"alignnone size-medium wp-image-1150\" src=\"https:\/\/www.palmblattbibliotheken.de\/wp-content\/uploads\/2024\/09\/Shankaracharya-213x300.jpg\" alt=\"\" width=\"213\" height=\"300\" \/><\/h5><h5>Prenotazioni della lettura online delle foglie del destino:<\/h5><p><strong>info@mystictravel.de<br \/><\/strong>Per domande o prenotazioni:<br \/>+49\/177\/5533007<\/p><p><img loading=\"lazy\" decoding=\"async\" class=\"alignnone size-medium wp-image-1151\" src=\"https:\/\/www.palmblattbibliotheken.de\/wp-content\/uploads\/2024\/09\/IMG_20220429_225336-300x151.jpg\" alt=\"\" width=\"300\" height=\"151\" \/><\/p>\t\t\t\t\t\t\t\t<\/div>\n\t\t\t\t<\/div>\n\t\t\r\n\t\t\t<\/div>\r\n\t\t\t\t\t\t<div class=\"elementor-element elementor-element-1ee3e2a e-con-full e-flex e-con e-child\" data-id=\"1ee3e2a\" data-element_type=\"container\">\r\n\t\t\t\t\t<div class=\"elementor-element elementor-element-a8e4a64 elementor-align-left elementor-widget elementor-widget-button\" data-id=\"a8e4a64\" data-element_type=\"widget\" data-widget_type=\"button.default\">\n\t\t\t\t<div class=\"elementor-widget-container\">\n\t\t\t\t\t\t\t\t\t<div class=\"elementor-button-wrapper\">\n\t\t\t\t\t<a class=\"elementor-button elementor-button-link elementor-size-sm\" href=\"https:\/\/www.palmblattbibliotheken.de\/it\/online-lesungen\/feedbacks-online-lesungen\/\">\n\t\t\t\t\t\t<span class=\"elementor-button-content-wrapper\">\n\t\t\t\t\t\t\t\t\t<span class=\"elementor-button-text\">Commenti sulle letture online delle foglie del destino<\/span>\n\t\t\t\t\t<\/span>\n\t\t\t\t\t<\/a>\n\t\t\t\t<\/div>\n\t\t\t\t\t\t\t\t<\/div>\n\t\t\t\t<\/div>\n\t\t\r\n\t\t\t<\/div>\r\n\t\t\t\r\n\t\t\t<\/div>\r\n\t\t\t\t\t<div class=\"elementor-element elementor-element-f75bde0 elementor-widget__width-initial elementor-widget elementor-widget-sidebar\" data-id=\"f75bde0\" data-element_type=\"widget\" data-widget_type=\"sidebar.default\">\n\t\t\t\t<div class=\"elementor-widget-container\">\n\t\t\t\t\t<nav id=\"block-7\" class=\"widget widget_block widget-collapsible\">\n<div class=\"wp-block-group\"><div class=\"wp-block-group__inner-container is-layout-flow wp-block-group-is-layout-flow\">\n<h5 class=\"wp-block-heading\">Richiesta di prenotazione<\/h5>\n\n\n\n<hr>\n\n\n\n<div class=\"wp-block-columns is-layout-flex wp-container-core-columns-is-layout-9d6595d7 wp-block-columns-is-layout-flex\">\n<div class=\"wp-block-column is-layout-flow wp-block-column-is-layout-flow\" style=\"flex-basis:66.66%\">\n<p> Qui trovi la documentazione per la <span style=\"color:#810081\"> richiesta di prenotazione <br> <b>info@mystictravel.de<\/b> <\/span> <\/p>\n<\/div>\n\n\n\n<div class=\"wp-block-column is-layout-flow wp-block-column-is-layout-flow\" style=\"flex-basis:33.33%\">\n<figure class=\"wp-block-image size-full\"><a href=\"https:\/\/www.palmblattbibliotheken.de\/it\/kontakt\/\"><img loading=\"lazy\" decoding=\"async\" width=\"220\" height=\"220\" src=\"https:\/\/www.palmblattbibliotheken.de\/wp-content\/uploads\/2024\/09\/icon_buchungsunterlagen.png\" alt=\"\" class=\"wp-image-1133\"\/><\/a><\/figure>\n<\/div>\n<\/div>\n<\/div><\/div>\n<\/nav><nav id=\"block-8\" class=\"widget widget_block widget-collapsible\">\n<div class=\"wp-block-group\"><div class=\"wp-block-group__inner-container is-layout-flow wp-block-group-is-layout-flow\">\n<h5 class=\"wp-block-heading\">Commenti<\/h5>\n\n\n\n<hr>\n\n\n\n<div class=\"wp-block-columns is-layout-flex wp-container-core-columns-is-layout-9d6595d7 wp-block-columns-is-layout-flex\">\n<div class=\"wp-block-column is-layout-flow wp-block-column-is-layout-flow\" style=\"flex-basis:66.66%\">\n<p>\"Un viaggio speciale,\ncome non avevamo mai vissuto prima. Le nostre aspettative sono state ampiamente superate ..\" \"<\/p>\n<\/div>\n\n\n\n<div class=\"wp-block-column is-layout-flow wp-block-column-is-layout-flow\" style=\"flex-basis:33.33%\">\n<figure class=\"wp-block-image size-full\"><a href=\"https:\/\/www.palmblattbibliotheken.de\/it\/gaestebuch-feedback\/\"><img loading=\"lazy\" decoding=\"async\" width=\"120\" height=\"120\" src=\"https:\/\/www.palmblattbibliotheken.de\/wp-content\/uploads\/2024\/09\/icon_feedback1.png\" alt=\"\" class=\"wp-image-1134\"\/><\/a><\/figure>\n<\/div>\n<\/div>\n\n\n\n<h5 class=\"wp-block-heading\">Avete delle domande?<\/h5>\n\n\n\n<hr>\n<\/div><\/div>\n<\/nav><nav id=\"block-10\" class=\"widget widget_block widget-collapsible\">\n<div class=\"wp-block-columns is-layout-flex wp-container-core-columns-is-layout-9d6595d7 wp-block-columns-is-layout-flex\">\n<div class=\"wp-block-column is-layout-flow wp-block-column-is-layout-flow\" style=\"flex-basis:66.66%\">\n<p>Facile, semplice e veloce! Contattateci pure! <br> <span style=\"color:#810081\"> <b> +49\/177-5533007 <\/b><\/span><\/p>\n<\/div>\n\n\n\n<div class=\"wp-block-column is-layout-flow wp-block-column-is-layout-flow\" style=\"flex-basis:33.33%\">\n<figure class=\"wp-block-image size-full\"><a href=\"https:\/\/www.palmblattbibliotheken.de\/it\/kontakt\/\"><img loading=\"lazy\" decoding=\"async\" width=\"120\" height=\"120\" src=\"https:\/\/www.palmblattbibliotheken.de\/wp-content\/uploads\/2024\/09\/icon_kontakt.png\" alt=\"\" class=\"wp-image-1135\"\/><\/a><\/figure>\n<\/div>\n<\/div>\n<\/nav><nav id=\"block-9\" class=\"widget widget_block widget-collapsible\">\n<div class=\"wp-block-group\"><div class=\"wp-block-group__inner-container is-layout-flow wp-block-group-is-layout-flow\">\n<h5 class=\"wp-block-heading\">Biblioteca delle foglie del destino<\/h5>\n\n\n\n<hr>\n\n\n<div class=\"wp-block-image\">\n<figure class=\"aligncenter size-full\"><a href=\"https:\/\/www.palmblattbibliotheken.de\/it\/palmblattbibliothek\/\"><img loading=\"lazy\" decoding=\"async\" width=\"215\" height=\"81\" src=\"https:\/\/www.palmblattbibliotheken.de\/wp-content\/uploads\/2024\/09\/image.png\" alt=\"\" class=\"wp-image-1027\"\/><\/a><\/figure>\n<\/div><\/div><\/div>\n<\/nav>\t\t\t\t<\/div>\n\t\t\t\t<\/div>\n\t\t\t\t\t\t<\/div>\r\n\t\t\t\t\r\n\t\t\t<\/div>\r\n\t\t\t\t\t<\/div>","protected":false},"excerpt":{"rendered":"<p>Palmblattlesung Online Home Wir bieten Palmblattlesungen auch online an. Erlebe deine pers\u00f6nliche Palmblattlesung bequem von Zuhause aus. Die Lesung findet per Zoom statt, wird live \u00fcbersetzt und aufgezeichnet, Die Aufzeichnung bekommst du im Anschluss zugeschickt. W\u00e4hrend der Lesung kann man Fragen zu allen Lebensbereichen stellen. Es wird aus allen Kapiteln gelesen, die f\u00fcr die aktuellen [&hellip;]<\/p>","protected":false},"author":1,"featured_media":0,"parent":0,"menu_order":0,"comment_status":"closed","ping_status":"closed","template":"elementor_header_footer","meta":{"_acf_changed":false,"footnotes":""},"class_list":["post-1148","page","type-page","status-publish","hentry"],"acf":[],"yoast_head":"<!-- This site is optimized with the Yoast SEO plugin v26.8 - https:\/\/yoast.com\/product\/yoast-seo-wordpress\/ -->\n<title>Online-Lesungen Palmblattlesung - Reise zur Palmblattbibliothek - Mystic Travel<\/title>\n<meta name=\"description\" content=\"Wir bieten auch Online-Palmblattlesungen an. Erleben Sie Ihre Palmblattlesung bequem von zuhause aus. Mehr erfahren!\" \/>\n<meta name=\"robots\" content=\"index, follow, max-snippet:-1, max-image-preview:large, max-video-preview:-1\" \/>\n<link rel=\"canonical\" href=\"https:\/\/www.palmblattbibliotheken.de\/it\/online-lesungen\/\" \/>\n<meta property=\"og:locale\" content=\"it_IT\" \/>\n<meta property=\"og:type\" content=\"article\" \/>\n<meta property=\"og:title\" content=\"Online-Lesungen Palmblattlesung - Reise zur Palmblattbibliothek - Mystic Travel\" \/>\n<meta property=\"og:description\" content=\"Wir bieten auch Online-Palmblattlesungen an. Erleben Sie Ihre Palmblattlesung bequem von zuhause aus. Mehr erfahren!\" \/>\n<meta property=\"og:url\" content=\"https:\/\/www.palmblattbibliotheken.de\/it\/online-lesungen\/\" \/>\n<meta property=\"og:site_name\" content=\"Reise zur Palmblattbibliothek - Mystic Travel\" \/>\n<meta property=\"article:publisher\" content=\"https:\/\/www.facebook.com\/Palmblattbibliothek.Indien\" \/>\n<meta property=\"article:modified_time\" content=\"2025-04-28T09:15:36+00:00\" \/>\n<meta property=\"og:image\" content=\"https:\/\/www.palmblattbibliotheken.de\/wp-content\/uploads\/2024\/09\/Shankaracharya-213x300.jpg\" \/>\n<meta name=\"twitter:card\" content=\"summary_large_image\" \/>\n<meta name=\"twitter:label1\" content=\"Tempo di lettura stimato\" \/>\n\t<meta name=\"twitter:data1\" content=\"2 minuti\" \/>\n<script type=\"application\/ld+json\" class=\"yoast-schema-graph\">{\"@context\":\"https:\/\/schema.org\",\"@graph\":[{\"@type\":\"WebPage\",\"@id\":\"https:\/\/www.palmblattbibliotheken.de\/it\/online-lesungen\/\",\"url\":\"https:\/\/www.palmblattbibliotheken.de\/it\/online-lesungen\/\",\"name\":\"Online-Lesungen Palmblattlesung - Reise zur Palmblattbibliothek - Mystic Travel\",\"isPartOf\":{\"@id\":\"https:\/\/www.palmblattbibliotheken.de\/it\/#website\"},\"primaryImageOfPage\":{\"@id\":\"https:\/\/www.palmblattbibliotheken.de\/it\/online-lesungen\/#primaryimage\"},\"image\":{\"@id\":\"https:\/\/www.palmblattbibliotheken.de\/it\/online-lesungen\/#primaryimage\"},\"thumbnailUrl\":\"https:\/\/www.palmblattbibliotheken.de\/wp-content\/uploads\/2024\/09\/Shankaracharya-213x300.jpg\",\"datePublished\":\"2024-09-03T12:47:48+00:00\",\"dateModified\":\"2025-04-28T09:15:36+00:00\",\"description\":\"Wir bieten auch Online-Palmblattlesungen an. Erleben Sie Ihre Palmblattlesung bequem von zuhause aus. Mehr erfahren!\",\"breadcrumb\":{\"@id\":\"https:\/\/www.palmblattbibliotheken.de\/it\/online-lesungen\/#breadcrumb\"},\"inLanguage\":\"it-IT\",\"potentialAction\":[{\"@type\":\"ReadAction\",\"target\":[\"https:\/\/www.palmblattbibliotheken.de\/it\/online-lesungen\/\"]}]},{\"@type\":\"ImageObject\",\"inLanguage\":\"it-IT\",\"@id\":\"https:\/\/www.palmblattbibliotheken.de\/it\/online-lesungen\/#primaryimage\",\"url\":\"https:\/\/www.palmblattbibliotheken.de\/wp-content\/uploads\/2024\/09\/Shankaracharya-213x300.jpg\",\"contentUrl\":\"https:\/\/www.palmblattbibliotheken.de\/wp-content\/uploads\/2024\/09\/Shankaracharya-213x300.jpg\"},{\"@type\":\"BreadcrumbList\",\"@id\":\"https:\/\/www.palmblattbibliotheken.de\/it\/online-lesungen\/#breadcrumb\",\"itemListElement\":[{\"@type\":\"ListItem\",\"position\":1,\"name\":\"Startseite\",\"item\":\"https:\/\/www.palmblattbibliotheken.de\/it\/\"},{\"@type\":\"ListItem\",\"position\":2,\"name\":\"Online-Lesungen\"}]},{\"@type\":\"WebSite\",\"@id\":\"https:\/\/www.palmblattbibliotheken.de\/it\/#website\",\"url\":\"https:\/\/www.palmblattbibliotheken.de\/it\/\",\"name\":\"Reise zur Palmblattbibliothek - Mystic Travel\",\"description\":\"Finde zu Dir selbst \u2013 Spirituelle und mystische Abenteuerreisen warten auf Dich\",\"publisher\":{\"@id\":\"https:\/\/www.palmblattbibliotheken.de\/it\/#organization\"},\"potentialAction\":[{\"@type\":\"SearchAction\",\"target\":{\"@type\":\"EntryPoint\",\"urlTemplate\":\"https:\/\/www.palmblattbibliotheken.de\/it\/?s={search_term_string}\"},\"query-input\":{\"@type\":\"PropertyValueSpecification\",\"valueRequired\":true,\"valueName\":\"search_term_string\"}}],\"inLanguage\":\"it-IT\"},{\"@type\":\"Organization\",\"@id\":\"https:\/\/www.palmblattbibliotheken.de\/it\/#organization\",\"name\":\"Mystic Travel\",\"url\":\"https:\/\/www.palmblattbibliotheken.de\/it\/\",\"logo\":{\"@type\":\"ImageObject\",\"inLanguage\":\"it-IT\",\"@id\":\"https:\/\/www.palmblattbibliotheken.de\/it\/#\/schema\/logo\/image\/\",\"url\":\"https:\/\/www.palmblattbibliotheken.de\/wp-content\/uploads\/2024\/09\/cropped-cropped-logo_mystic_travel_141x121.jpg\",\"contentUrl\":\"https:\/\/www.palmblattbibliotheken.de\/wp-content\/uploads\/2024\/09\/cropped-cropped-logo_mystic_travel_141x121.jpg\",\"width\":511,\"height\":511,\"caption\":\"Mystic Travel\"},\"image\":{\"@id\":\"https:\/\/www.palmblattbibliotheken.de\/it\/#\/schema\/logo\/image\/\"},\"sameAs\":[\"https:\/\/www.facebook.com\/Palmblattbibliothek.Indien\",\"https:\/\/www.instagram.com\/mystictravel.de\/\"]}]}<\/script>\n<!-- \/ Yoast SEO plugin. -->","yoast_head_json":{"title":"Online-Lesungen Palmblattlesung - Reise zur Palmblattbibliothek - Mystic Travel","description":"Wir bieten auch Online-Palmblattlesungen an. Erleben Sie Ihre Palmblattlesung bequem von zuhause aus. Mehr erfahren!","robots":{"index":"index","follow":"follow","max-snippet":"max-snippet:-1","max-image-preview":"max-image-preview:large","max-video-preview":"max-video-preview:-1"},"canonical":"https:\/\/www.palmblattbibliotheken.de\/it\/online-lesungen\/","og_locale":"it_IT","og_type":"article","og_title":"Online-Lesungen Palmblattlesung - Reise zur Palmblattbibliothek - Mystic Travel","og_description":"Wir bieten auch Online-Palmblattlesungen an. Erleben Sie Ihre Palmblattlesung bequem von zuhause aus. Mehr erfahren!","og_url":"https:\/\/www.palmblattbibliotheken.de\/it\/online-lesungen\/","og_site_name":"Reise zur Palmblattbibliothek - Mystic Travel","article_publisher":"https:\/\/www.facebook.com\/Palmblattbibliothek.Indien","article_modified_time":"2025-04-28T09:15:36+00:00","og_image":[{"url":"https:\/\/www.palmblattbibliotheken.de\/wp-content\/uploads\/2024\/09\/Shankaracharya-213x300.jpg","type":"","width":"","height":""}],"twitter_card":"summary_large_image","twitter_misc":{"Tempo di lettura stimato":"2 minuti"},"schema":{"@context":"https:\/\/schema.org","@graph":[{"@type":"WebPage","@id":"https:\/\/www.palmblattbibliotheken.de\/it\/online-lesungen\/","url":"https:\/\/www.palmblattbibliotheken.de\/it\/online-lesungen\/","name":"Online-Lesungen Palmblattlesung - Reise zur Palmblattbibliothek - Mystic Travel","isPartOf":{"@id":"https:\/\/www.palmblattbibliotheken.de\/it\/#website"},"primaryImageOfPage":{"@id":"https:\/\/www.palmblattbibliotheken.de\/it\/online-lesungen\/#primaryimage"},"image":{"@id":"https:\/\/www.palmblattbibliotheken.de\/it\/online-lesungen\/#primaryimage"},"thumbnailUrl":"https:\/\/www.palmblattbibliotheken.de\/wp-content\/uploads\/2024\/09\/Shankaracharya-213x300.jpg","datePublished":"2024-09-03T12:47:48+00:00","dateModified":"2025-04-28T09:15:36+00:00","description":"Wir bieten auch Online-Palmblattlesungen an. Erleben Sie Ihre Palmblattlesung bequem von zuhause aus. Mehr erfahren!","breadcrumb":{"@id":"https:\/\/www.palmblattbibliotheken.de\/it\/online-lesungen\/#breadcrumb"},"inLanguage":"it-IT","potentialAction":[{"@type":"ReadAction","target":["https:\/\/www.palmblattbibliotheken.de\/it\/online-lesungen\/"]}]},{"@type":"ImageObject","inLanguage":"it-IT","@id":"https:\/\/www.palmblattbibliotheken.de\/it\/online-lesungen\/#primaryimage","url":"https:\/\/www.palmblattbibliotheken.de\/wp-content\/uploads\/2024\/09\/Shankaracharya-213x300.jpg","contentUrl":"https:\/\/www.palmblattbibliotheken.de\/wp-content\/uploads\/2024\/09\/Shankaracharya-213x300.jpg"},{"@type":"BreadcrumbList","@id":"https:\/\/www.palmblattbibliotheken.de\/it\/online-lesungen\/#breadcrumb","itemListElement":[{"@type":"ListItem","position":1,"name":"Startseite","item":"https:\/\/www.palmblattbibliotheken.de\/it\/"},{"@type":"ListItem","position":2,"name":"Online-Lesungen"}]},{"@type":"WebSite","@id":"https:\/\/www.palmblattbibliotheken.de\/it\/#website","url":"https:\/\/www.palmblattbibliotheken.de\/it\/","name":"Reise zur Palmblattbibliothek - Mystic Travel","description":"Finde zu Dir selbst \u2013 Spirituelle und mystische Abenteuerreisen warten auf Dich","publisher":{"@id":"https:\/\/www.palmblattbibliotheken.de\/it\/#organization"},"potentialAction":[{"@type":"SearchAction","target":{"@type":"EntryPoint","urlTemplate":"https:\/\/www.palmblattbibliotheken.de\/it\/?s={search_term_string}"},"query-input":{"@type":"PropertyValueSpecification","valueRequired":true,"valueName":"search_term_string"}}],"inLanguage":"it-IT"},{"@type":"Organization","@id":"https:\/\/www.palmblattbibliotheken.de\/it\/#organization","name":"Mystic Travel","url":"https:\/\/www.palmblattbibliotheken.de\/it\/","logo":{"@type":"ImageObject","inLanguage":"it-IT","@id":"https:\/\/www.palmblattbibliotheken.de\/it\/#\/schema\/logo\/image\/","url":"https:\/\/www.palmblattbibliotheken.de\/wp-content\/uploads\/2024\/09\/cropped-cropped-logo_mystic_travel_141x121.jpg","contentUrl":"https:\/\/www.palmblattbibliotheken.de\/wp-content\/uploads\/2024\/09\/cropped-cropped-logo_mystic_travel_141x121.jpg","width":511,"height":511,"caption":"Mystic Travel"},"image":{"@id":"https:\/\/www.palmblattbibliotheken.de\/it\/#\/schema\/logo\/image\/"},"sameAs":["https:\/\/www.facebook.com\/Palmblattbibliothek.Indien","https:\/\/www.instagram.com\/mystictravel.de\/"]}]}},"_links":{"self":[{"href":"https:\/\/www.palmblattbibliotheken.de\/it\/wp-json\/wp\/v2\/pages\/1148","targetHints":{"allow":["GET"]}}],"collection":[{"href":"https:\/\/www.palmblattbibliotheken.de\/it\/wp-json\/wp\/v2\/pages"}],"about":[{"href":"https:\/\/www.palmblattbibliotheken.de\/it\/wp-json\/wp\/v2\/types\/page"}],"author":[{"embeddable":true,"href":"https:\/\/www.palmblattbibliotheken.de\/it\/wp-json\/wp\/v2\/users\/1"}],"replies":[{"embeddable":true,"href":"https:\/\/www.palmblattbibliotheken.de\/it\/wp-json\/wp\/v2\/comments?post=1148"}],"version-history":[{"count":22,"href":"https:\/\/www.palmblattbibliotheken.de\/it\/wp-json\/wp\/v2\/pages\/1148\/revisions"}],"predecessor-version":[{"id":2607,"href":"https:\/\/www.palmblattbibliotheken.de\/it\/wp-json\/wp\/v2\/pages\/1148\/revisions\/2607"}],"wp:attachment":[{"href":"https:\/\/www.palmblattbibliotheken.de\/it\/wp-json\/wp\/v2\/media?parent=1148"}],"curies":[{"name":"wp","href":"https:\/\/api.w.org\/{rel}","templated":true}]}}