{"id":1327,"date":"2024-09-03T18:06:05","date_gmt":"2024-09-03T16:06:05","guid":{"rendered":"https:\/\/www.palmblattbibliotheken.de\/?page_id=1327"},"modified":"2025-02-13T21:24:49","modified_gmt":"2025-02-13T20:24:49","slug":"palmblattlesung-online-erleben-mit-mystic-travel","status":"publish","type":"page","link":"https:\/\/www.palmblattbibliotheken.de\/it\/online-lesungen\/palmblattlesung-online-erleben-mit-mystic-travel\/","title":{"rendered":"Foglia di palma esperienza di lettura online"},"content":{"rendered":"<div data-elementor-type=\"wp-page\" data-elementor-id=\"1327\" class=\"elementor elementor-1327\">\n\t\t\t\t\t\t\t<div class=\"elementor-element elementor-element-81dd1a1 e-con-full e-flex e-con e-parent\" data-id=\"81dd1a1\" data-element_type=\"container\">\r\n\t\t\t\t\t\t<div class=\"elementor-element elementor-element-01a64dd e-flex e-con-boxed e-con e-child\" data-id=\"01a64dd\" data-element_type=\"container\" data-settings=\"{&quot;background_background&quot;:&quot;slideshow&quot;,&quot;background_slideshow_gallery&quot;:[{&quot;id&quot;:1054,&quot;url&quot;:&quot;https:\\\/\\\/www.palmblattbibliotheken.de\\\/wp-content\\\/uploads\\\/2024\\\/09\\\/hg_slider.jpg&quot;}],&quot;background_slideshow_slide_duration&quot;:5000,&quot;background_slideshow_slide_transition&quot;:&quot;fade&quot;,&quot;background_slideshow_transition_duration&quot;:500}\">\r\n\t\t\t\t\t\t\t<div class=\"e-con-inner\">\r\n\t\t\t\t\t\t<div class=\"elementor-element elementor-element-ba229b8 elementor-widget elementor-widget-heading\" data-id=\"ba229b8\" data-element_type=\"widget\" data-widget_type=\"heading.default\">\n\t\t\t\t<div class=\"elementor-widget-container\">\n\t\t\t\t\t<h1 class=\"elementor-heading-title elementor-size-default\">Lettura online delle foglie del destino con Mystic Travel<\/h1>\t\t\t\t<\/div>\n\t\t\t\t<\/div>\n\t\t\t\t\t\t<\/div>\r\n\t\t\t\t\r\n\t\t\t<\/div>\r\n\t\t\t\r\n\t\t\t<\/div>\r\n\t\t\t\t\t\t<div class=\"elementor-element elementor-element-b090bf4 e-flex e-con-boxed e-con e-parent\" data-id=\"b090bf4\" data-element_type=\"container\">\r\n\t\t\t\t\t\t\t<div class=\"e-con-inner\">\r\n\t\t\t\t\t\t<div class=\"elementor-element elementor-element-0df11d8 elementor-widget elementor-widget-udesign_widget_breadcrumb\" data-id=\"0df11d8\" data-element_type=\"widget\" data-widget_type=\"udesign_widget_breadcrumb.default\">\n\t\t\t\t<div class=\"elementor-widget-container\">\n\t\t\t\t\t<ol class=\"breadcrumb\"><li><a href=\"https:\/\/www.palmblattbibliotheken.de\/it\" aria-label=\"Breadcrumb\">Home<\/a><\/li><\/ol><script type=\"application\/ld+json\">{\"@context\":\"https:\\\/\\\/schema.org\\\/\",\"@type\":\"BreadcrumbList\",\"itemListElement\":[{\"@type\":\"ListItem\",\"position\":1,\"item\":{\"name\":\"Home\",\"@id\":\"https:\\\/\\\/www.palmblattbibliotheken.de\\\/it\"}}]}<\/script>\t\t\t\t<\/div>\n\t\t\t\t<\/div>\n\t\t\t\t\t\t<\/div>\r\n\t\t\t\t\r\n\t\t\t<\/div>\r\n\t\t\t\t\t\t<div class=\"elementor-element elementor-element-8c6bcc2 e-flex e-con-boxed e-con e-parent\" data-id=\"8c6bcc2\" data-element_type=\"container\">\r\n\t\t\t\t\t\t\t<div class=\"e-con-inner\">\r\n\t\t\t\t\t\t\t<div class=\"elementor-element elementor-element-3cc723a e-con-full e-flex e-con e-child\" data-id=\"3cc723a\" data-element_type=\"container\">\r\n\t\t\t\t\t<div class=\"elementor-element elementor-element-fdb454d elementor-widget elementor-widget-heading\" data-id=\"fdb454d\" data-element_type=\"widget\" data-widget_type=\"heading.default\">\n\t\t\t\t<div class=\"elementor-widget-container\">\n\t\t\t\t\t<h4 class=\"elementor-heading-title elementor-size-default\">Lettura online delle foglie del destino con Mystic Travel. Chiedi un appuntamento a questo indirizzo mail: info@mystictravel.de  <\/h4>\t\t\t\t<\/div>\n\t\t\t\t<\/div>\n\t\t\t\t\t<div class=\"elementor-element elementor-element-1ee3e2a e-con-full e-flex e-con e-child\" data-id=\"1ee3e2a\" data-element_type=\"container\">\r\n\t\t\t\t\t<div class=\"elementor-element elementor-element-a8e4a64 elementor-align-left elementor-widget elementor-widget-button\" data-id=\"a8e4a64\" data-element_type=\"widget\" data-widget_type=\"button.default\">\n\t\t\t\t<div class=\"elementor-widget-container\">\n\t\t\t\t\t\t\t\t\t<div class=\"elementor-button-wrapper\">\n\t\t\t\t\t<a class=\"elementor-button elementor-button-link elementor-size-sm\" href=\"https:\/\/www.palmblattbibliotheken.de\/it\/online-lesungen\/\">\n\t\t\t\t\t\t<span class=\"elementor-button-content-wrapper\">\n\t\t\t\t\t\t\t\t\t<span class=\"elementor-button-text\">Informazioni sulla lettura online delle foglie del destino<\/span>\n\t\t\t\t\t<\/span>\n\t\t\t\t\t<\/a>\n\t\t\t\t<\/div>\n\t\t\t\t\t\t\t\t<\/div>\n\t\t\t\t<\/div>\n\t\t\r\n\t\t\t<\/div>\r\n\t\t\t\t\t\t<div class=\"elementor-element elementor-element-7c6139b e-con-full e-flex e-con e-child\" data-id=\"7c6139b\" data-element_type=\"container\">\r\n\t\t\t\t\t<div class=\"elementor-element elementor-element-79b82da elementor-widget elementor-widget-text-editor\" data-id=\"79b82da\" data-element_type=\"widget\" data-widget_type=\"text-editor.default\">\n\t\t\t\t<div class=\"elementor-widget-container\">\n\t\t\t\t\t\t\t\t\t<p>Mystic Travel ti da il benvenuto! Questa \u00e8 la tua porta per saperne di pi\u00f9 sul tuo passato, sul tuo presente e sul tuo futuro. Qui puoi scoprire se per te, migliaia di anni fa, \u00e8 stata scritta una foglia del destino.<\/p><p>Da pi\u00f9 di 20 anni noi di Mystic Travel portiamo i nostri consultanti alla biblioteca delle foglie del destino di Bangalore, nel sud dell'India. La pandemia ci ha fatto sviluppare la lettura ONLINE delle foglie del destino. Adesso, quindi, ognuno ha la possiblit\u00e0 di farsi leggere la propria foglia del destino comodamente da casa propria, per scoprire i segreti del proprio passato e del proprio futuro. Qui trovi tutte le iformazioni sulla lettura delle foglie del destino, su come rendiamo possibile farti vivere questa esperienza online e il modo in cui puoi prenotare un appuntamento.\nPuoi semplicemente premere sul simbolo della mail o di whatsapp, che si trovano sulla destra in basso in questa pagina, per metterti in contatto con noi. Risponderemo alle tue domande e ti daremo ulteriori informazioni, se necessario.\nQui trovate anche il link del video di \"Voyager\", programma televisivo di Rai 2, che alcuni anni fa, spieg\u00f2 cosa sono le foglie del destino: https:\/\/www.youtube.com\/watch?v=rrKXa4Y3QO0<\/p><h5>Che cosa \u00e8 una biblioteca delle foglie del destino e come funziona la lettura online delle foglie del destino?<\/h5><p>Una biblioteca delle foglie del destino \u00e8 una raccolta di scritti incisi su delle foglie di palma essicate e oliate. Questo antichissimo metodo di conservazione del sapere ha le sue origini nel sud-est asiatico, soprattutto in paesi come lndia, Sri Lanka, Thailandia e Myanmar. L'uso delle foglie di palma come materiale per la scrittura risale a migliaia di anni fa ed \u00e8 stato uno dei metodi pi\u00f9 importanti per conservare testi religiosi, documenti storici, ricette mediche, e altri tipi di informazioni.<\/p><p>I saggi e i veggenti dell'India antica, chiamati Rishi, venivano consultati per le questioni pi\u00f9 importanti della vita. Avevano a loro disposizione la cronaca dell'Akasha, contente informazioni di ogni genere. Prima dell'inizio del Kaliyuga (l'et\u00e0 oscura, dove le persone hanno solo un accesso limitato all'intuito e alla conoscenza interiore), i Rishi decisero di ritirarsi dal mondo terreno. Lasciarono una guida per orientarsi in questa epoca buia, prevedendo i destini di milioni di persone. Queste informazioni furono successivamente scritte su delle foglie di agrifoglio, insieme a dei consigli per risolvere le dinamiche del proprio karma.<\/p><p>La lettura delle foglie del destino \u00e8 un'arte secolare, che apprendono solo gli studenti delle scuole vediche (da \"vedismo\", antichissima fonte di conoscenza religiosa, filosofica e culturale). I vecchi manoscritti, inoltre, devono essere riscritti ogni 300\/500 anni.<\/p><p>Non per tutte le persone esiste una foglia di palma. Coloro per i quali ne \u00e8 stata scritta una sentono parlare prima o poi delle biblioteche delle foglie del destino, che hanno per loro una forte risonanza. Durante la lettura delle foglie del destino vengono a conoscenza di informazioni ed indicazioni importanti sulla propria vita.<\/p><p>Durante la lettura delle foglie del destino si trovano spesso risposte a delle importanti domande sulla propria vita.<\/p><p>La lettura online delle foglie del destino \u00e8 una possibilit\u00e0 che Mystic Travel propone gi\u00e0 da alcuni anni.<\/p><p>Invece di spostarsi fisicamente per il mondo, quindi, si pu\u00f2 vivere la lettura delle foglie del destino comodamente da casa propria.<\/p><h5>Mystic Travel: la connessione autentica con il mondo della lettura online delle foglie del destino<\/h5><p>Mystic Travel ist dein zuverl\u00e4ssiger Partner, wenn es darum geht, eine Palmblattlesung online zu erleben. Der\u00a0 Palmblattleser der Palmblattbibliothek in Bangalore hat inzwischen viel Erfahrung, die Informationen auf den Palmbl\u00e4ttern entsprechend der westlichen Lebensweise f\u00fcr unsere Klienten zu interpretieren. Unser Palmblattleser verf\u00fcgt \u00fcber ein umfassendes Wissen aus den vedischen Schriften und praktiziert die Kunst der Palmblattlesung seit vielen Jahren. Unsere Klienten sind immer wieder erstaunt \u00fcber die Genauigkeit der Aussagen und dankbar f\u00fcr die wertvollen Hinweise, wie sie noch bewusster den eigenen Lebensweg gehen und verstehen k\u00f6nnen. Gerne empfehlen wir auch die B\u00fccher und Vortr\u00e4ge von Thomas Ritter, der viel zum Thema Palmblattbibliotheken geforscht und ver\u00f6ffentlicht hat. Mein pers\u00f6nlicher Favorit ist &#8222;Die Geheimnisse indischer Palmblattbibliotheken &#8211; Dem Schicksal auf der Spur&#8220;. Bei Youtube finden sich zahlreiche Videos von Thomas Ritter, wo man weitere gute Informationen zu dem Ph\u00e4nomen der Palmblatbibliotheken bekommen kann.<\/p><h5>Come funziona la lettura online delle foglie del destino?<\/h5><p>Die Palmblattlesung online bei Mystic Travel kann sehr einfach per Email oder WhatsApp gebucht werden . Bitte klicke einfach rechts auf den Email- oder WhatsApp Button oder schicke eine Email an: info@mystictravel.de ,um deine Anmeldeunterlagen zu erhalten. Alles, was du danach f\u00fcr deinen Termin der Palmblattlesung ben\u00f6tigst, ist ein Computer, ein Tablet oder ein Smartphone mit einer stabilen Internetverbindung. Nachdem die passenden Palmbl\u00e4tter gefunden wurden und dein individueller Termin vereinbart wurde,\u00a0 erh\u00e4ltst du einen\u00a0 Zugangslink zu deiner individuellen Palmblattlesung. Die Lesung findet per Skype statt und wird f\u00fcr dich aufgezeichnet. W\u00e4hrend der Palmblattlesung kannst du alle f\u00fcr dich wichtigen Fragen stellen. Es wird ohne Aufpreis aus allen Kapiteln gelesen, bis alle deine Fragen beantwortet sind. Du wirst vom\u00a0 Palmblattleser und der \u00dcbersetzerin Yasmin Blitz durch deine Palmblattlesung gef\u00fchrt. W\u00e4hrend der Lesung gibt der Palmblattleser\u00a0 aufschlussreiche Informationen \u00fcber deine Pers\u00f6nlichkeit, deine St\u00e4rken und Schw\u00e4chen sowie deine Potenziale und m\u00f6gliche zuk\u00fcnftige Entwicklungen und Ereignisse in deinem Leben. Auch deine karmischen Belastungen kommen zur Sprache und was getan werden kann, um diese aufzul\u00f6sen und ein gl\u00fcckliches und unbeschwertes Leben f\u00fchren zu k\u00f6nnen.\u00a0<\/p>\t\t\t\t\t\t\t\t<\/div>\n\t\t\t\t<\/div>\n\t\t\r\n\t\t\t<\/div>\r\n\t\t\t\r\n\t\t\t<\/div>\r\n\t\t\t\t\t<div class=\"elementor-element elementor-element-fd4b4fd elementor-widget__width-initial elementor-widget elementor-widget-sidebar\" data-id=\"fd4b4fd\" data-element_type=\"widget\" data-widget_type=\"sidebar.default\">\n\t\t\t\t<div class=\"elementor-widget-container\">\n\t\t\t\t\t<nav id=\"block-7\" class=\"widget widget_block widget-collapsible\">\n<div class=\"wp-block-group\"><div class=\"wp-block-group__inner-container is-layout-flow wp-block-group-is-layout-flow\">\n<h5 class=\"wp-block-heading\">Richiesta di prenotazione<\/h5>\n\n\n\n<hr>\n\n\n\n<div class=\"wp-block-columns is-layout-flex wp-container-core-columns-is-layout-9d6595d7 wp-block-columns-is-layout-flex\">\n<div class=\"wp-block-column is-layout-flow wp-block-column-is-layout-flow\" style=\"flex-basis:66.66%\">\n<p> Qui trovi la documentazione per la <span style=\"color:#810081\"> richiesta di prenotazione <br> <b>info@mystictravel.de<\/b> <\/span> <\/p>\n<\/div>\n\n\n\n<div class=\"wp-block-column is-layout-flow wp-block-column-is-layout-flow\" style=\"flex-basis:33.33%\">\n<figure class=\"wp-block-image size-full\"><a href=\"https:\/\/www.palmblattbibliotheken.de\/it\/kontakt\/\"><img loading=\"lazy\" decoding=\"async\" width=\"220\" height=\"220\" src=\"https:\/\/www.palmblattbibliotheken.de\/wp-content\/uploads\/2024\/09\/icon_buchungsunterlagen.png\" alt=\"\" class=\"wp-image-1133\"\/><\/a><\/figure>\n<\/div>\n<\/div>\n<\/div><\/div>\n<\/nav><nav id=\"block-8\" class=\"widget widget_block widget-collapsible\">\n<div class=\"wp-block-group\"><div class=\"wp-block-group__inner-container is-layout-flow wp-block-group-is-layout-flow\">\n<h5 class=\"wp-block-heading\">Commenti<\/h5>\n\n\n\n<hr>\n\n\n\n<div class=\"wp-block-columns is-layout-flex wp-container-core-columns-is-layout-9d6595d7 wp-block-columns-is-layout-flex\">\n<div class=\"wp-block-column is-layout-flow wp-block-column-is-layout-flow\" style=\"flex-basis:66.66%\">\n<p>\"Un viaggio speciale,\ncome non avevamo mai vissuto prima. Le nostre aspettative sono state ampiamente superate ..\" \"<\/p>\n<\/div>\n\n\n\n<div class=\"wp-block-column is-layout-flow wp-block-column-is-layout-flow\" style=\"flex-basis:33.33%\">\n<figure class=\"wp-block-image size-full\"><a href=\"https:\/\/www.palmblattbibliotheken.de\/it\/gaestebuch-feedback\/\"><img loading=\"lazy\" decoding=\"async\" width=\"120\" height=\"120\" src=\"https:\/\/www.palmblattbibliotheken.de\/wp-content\/uploads\/2024\/09\/icon_feedback1.png\" alt=\"\" class=\"wp-image-1134\"\/><\/a><\/figure>\n<\/div>\n<\/div>\n\n\n\n<h5 class=\"wp-block-heading\">Avete delle domande?<\/h5>\n\n\n\n<hr>\n<\/div><\/div>\n<\/nav><nav id=\"block-10\" class=\"widget widget_block widget-collapsible\">\n<div class=\"wp-block-columns is-layout-flex wp-container-core-columns-is-layout-9d6595d7 wp-block-columns-is-layout-flex\">\n<div class=\"wp-block-column is-layout-flow wp-block-column-is-layout-flow\" style=\"flex-basis:66.66%\">\n<p>Facile, semplice e veloce! Contattateci pure! <br> <span style=\"color:#810081\"> <b> +49\/177-5533007 <\/b><\/span><\/p>\n<\/div>\n\n\n\n<div class=\"wp-block-column is-layout-flow wp-block-column-is-layout-flow\" style=\"flex-basis:33.33%\">\n<figure class=\"wp-block-image size-full\"><a href=\"https:\/\/www.palmblattbibliotheken.de\/it\/kontakt\/\"><img loading=\"lazy\" decoding=\"async\" width=\"120\" height=\"120\" src=\"https:\/\/www.palmblattbibliotheken.de\/wp-content\/uploads\/2024\/09\/icon_kontakt.png\" alt=\"\" class=\"wp-image-1135\"\/><\/a><\/figure>\n<\/div>\n<\/div>\n<\/nav><nav id=\"block-9\" class=\"widget widget_block widget-collapsible\">\n<div class=\"wp-block-group\"><div class=\"wp-block-group__inner-container is-layout-flow wp-block-group-is-layout-flow\">\n<h5 class=\"wp-block-heading\">Biblioteca delle foglie del destino<\/h5>\n\n\n\n<hr>\n\n\n<div class=\"wp-block-image\">\n<figure class=\"aligncenter size-full\"><a href=\"https:\/\/www.palmblattbibliotheken.de\/it\/palmblattbibliothek\/\"><img loading=\"lazy\" decoding=\"async\" width=\"215\" height=\"81\" src=\"https:\/\/www.palmblattbibliotheken.de\/wp-content\/uploads\/2024\/09\/image.png\" alt=\"\" class=\"wp-image-1027\"\/><\/a><\/figure>\n<\/div><\/div><\/div>\n<\/nav>\t\t\t\t<\/div>\n\t\t\t\t<\/div>\n\t\t\t\t\t\t<\/div>\r\n\t\t\t\t\r\n\t\t\t<\/div>\r\n\t\t\t\t\t<\/div>","protected":false},"excerpt":{"rendered":"<p>Palmblattlesung online erleben mit Mystic Travel Home Palmblattlesung online erleben mit Mystic Travel \u2013 jetzt Termin anfragen! ***** info@mystictravel.de Informationen zu den Online-Lesungen Willkommen bei Mystic Travel, deiner T\u00fcr zu eindrucksvollen Einblicken in dein Schicksalsbuch, deine Vergangenheit, Gegenwart und m\u00f6gliche Zukunft! Frage an, ob auch f\u00fcr dich vor mehreren Tausend Jahren ein Palmblatt geschrieben wurde. [&hellip;]<\/p>","protected":false},"author":1,"featured_media":0,"parent":1148,"menu_order":0,"comment_status":"closed","ping_status":"closed","template":"elementor_header_footer","meta":{"_acf_changed":false,"footnotes":""},"class_list":["post-1327","page","type-page","status-publish","hentry"],"acf":[],"yoast_head":"<!-- This site is optimized with the Yoast SEO plugin v26.8 - https:\/\/yoast.com\/product\/yoast-seo-wordpress\/ -->\n<title>Palmblattlesung online erleben mit Mystic Travel<\/title>\n<meta name=\"description\" content=\"Lassen Sie sich auf eine Reise mitnehmen in die Geheimnisse Ihrer Vergangenheit und Zukunft. Jetzt Termin f\u00fcr Ihre Palmblattlesung sichern!\" \/>\n<meta name=\"robots\" content=\"index, follow, max-snippet:-1, max-image-preview:large, max-video-preview:-1\" \/>\n<link rel=\"canonical\" href=\"https:\/\/www.palmblattbibliotheken.de\/it\/online-lesungen\/palmblattlesung-online-erleben-mit-mystic-travel\/\" \/>\n<meta property=\"og:locale\" content=\"it_IT\" \/>\n<meta property=\"og:type\" content=\"article\" \/>\n<meta property=\"og:title\" content=\"Palmblattlesung online erleben mit Mystic Travel\" \/>\n<meta property=\"og:description\" content=\"Lassen Sie sich auf eine Reise mitnehmen in die Geheimnisse Ihrer Vergangenheit und Zukunft. Jetzt Termin f\u00fcr Ihre Palmblattlesung sichern!\" \/>\n<meta property=\"og:url\" content=\"https:\/\/www.palmblattbibliotheken.de\/it\/online-lesungen\/palmblattlesung-online-erleben-mit-mystic-travel\/\" \/>\n<meta property=\"og:site_name\" content=\"Reise zur Palmblattbibliothek - Mystic Travel\" \/>\n<meta property=\"article:publisher\" content=\"https:\/\/www.facebook.com\/Palmblattbibliothek.Indien\" \/>\n<meta property=\"article:modified_time\" content=\"2025-02-13T20:24:49+00:00\" \/>\n<meta name=\"twitter:card\" content=\"summary_large_image\" \/>\n<meta name=\"twitter:label1\" content=\"Tempo di lettura stimato\" \/>\n\t<meta name=\"twitter:data1\" content=\"6 minuti\" \/>\n<script type=\"application\/ld+json\" class=\"yoast-schema-graph\">{\"@context\":\"https:\/\/schema.org\",\"@graph\":[{\"@type\":\"WebPage\",\"@id\":\"https:\/\/www.palmblattbibliotheken.de\/it\/online-lesungen\/palmblattlesung-online-erleben-mit-mystic-travel\/\",\"url\":\"https:\/\/www.palmblattbibliotheken.de\/it\/online-lesungen\/palmblattlesung-online-erleben-mit-mystic-travel\/\",\"name\":\"Palmblattlesung online erleben mit Mystic Travel\",\"isPartOf\":{\"@id\":\"https:\/\/www.palmblattbibliotheken.de\/it\/#website\"},\"datePublished\":\"2024-09-03T16:06:05+00:00\",\"dateModified\":\"2025-02-13T20:24:49+00:00\",\"description\":\"Lassen Sie sich auf eine Reise mitnehmen in die Geheimnisse Ihrer Vergangenheit und Zukunft. Jetzt Termin f\u00fcr Ihre Palmblattlesung sichern!\",\"breadcrumb\":{\"@id\":\"https:\/\/www.palmblattbibliotheken.de\/it\/online-lesungen\/palmblattlesung-online-erleben-mit-mystic-travel\/#breadcrumb\"},\"inLanguage\":\"it-IT\",\"potentialAction\":[{\"@type\":\"ReadAction\",\"target\":[\"https:\/\/www.palmblattbibliotheken.de\/it\/online-lesungen\/palmblattlesung-online-erleben-mit-mystic-travel\/\"]}]},{\"@type\":\"BreadcrumbList\",\"@id\":\"https:\/\/www.palmblattbibliotheken.de\/it\/online-lesungen\/palmblattlesung-online-erleben-mit-mystic-travel\/#breadcrumb\",\"itemListElement\":[{\"@type\":\"ListItem\",\"position\":1,\"name\":\"Startseite\",\"item\":\"https:\/\/www.palmblattbibliotheken.de\/it\/\"},{\"@type\":\"ListItem\",\"position\":2,\"name\":\"Palmblattlesung online erleben\"}]},{\"@type\":\"WebSite\",\"@id\":\"https:\/\/www.palmblattbibliotheken.de\/it\/#website\",\"url\":\"https:\/\/www.palmblattbibliotheken.de\/it\/\",\"name\":\"Reise zur Palmblattbibliothek - Mystic Travel\",\"description\":\"Finde zu Dir selbst \u2013 Spirituelle und mystische Abenteuerreisen warten auf Dich\",\"publisher\":{\"@id\":\"https:\/\/www.palmblattbibliotheken.de\/it\/#organization\"},\"potentialAction\":[{\"@type\":\"SearchAction\",\"target\":{\"@type\":\"EntryPoint\",\"urlTemplate\":\"https:\/\/www.palmblattbibliotheken.de\/it\/?s={search_term_string}\"},\"query-input\":{\"@type\":\"PropertyValueSpecification\",\"valueRequired\":true,\"valueName\":\"search_term_string\"}}],\"inLanguage\":\"it-IT\"},{\"@type\":\"Organization\",\"@id\":\"https:\/\/www.palmblattbibliotheken.de\/it\/#organization\",\"name\":\"Mystic Travel\",\"url\":\"https:\/\/www.palmblattbibliotheken.de\/it\/\",\"logo\":{\"@type\":\"ImageObject\",\"inLanguage\":\"it-IT\",\"@id\":\"https:\/\/www.palmblattbibliotheken.de\/it\/#\/schema\/logo\/image\/\",\"url\":\"https:\/\/www.palmblattbibliotheken.de\/wp-content\/uploads\/2024\/09\/cropped-cropped-logo_mystic_travel_141x121.jpg\",\"contentUrl\":\"https:\/\/www.palmblattbibliotheken.de\/wp-content\/uploads\/2024\/09\/cropped-cropped-logo_mystic_travel_141x121.jpg\",\"width\":511,\"height\":511,\"caption\":\"Mystic Travel\"},\"image\":{\"@id\":\"https:\/\/www.palmblattbibliotheken.de\/it\/#\/schema\/logo\/image\/\"},\"sameAs\":[\"https:\/\/www.facebook.com\/Palmblattbibliothek.Indien\",\"https:\/\/www.instagram.com\/mystictravel.de\/\"]}]}<\/script>\n<!-- \/ Yoast SEO plugin. -->","yoast_head_json":{"title":"Lettura online delle foglie del destino con Mystic Travel","description":"Lassen Sie sich auf eine Reise mitnehmen in die Geheimnisse Ihrer Vergangenheit und Zukunft. Jetzt Termin f\u00fcr Ihre Palmblattlesung sichern!","robots":{"index":"index","follow":"follow","max-snippet":"max-snippet:-1","max-image-preview":"max-image-preview:large","max-video-preview":"max-video-preview:-1"},"canonical":"https:\/\/www.palmblattbibliotheken.de\/it\/online-lesungen\/palmblattlesung-online-erleben-mit-mystic-travel\/","og_locale":"it_IT","og_type":"article","og_title":"Palmblattlesung online erleben mit Mystic Travel","og_description":"Lassen Sie sich auf eine Reise mitnehmen in die Geheimnisse Ihrer Vergangenheit und Zukunft. Jetzt Termin f\u00fcr Ihre Palmblattlesung sichern!","og_url":"https:\/\/www.palmblattbibliotheken.de\/it\/online-lesungen\/palmblattlesung-online-erleben-mit-mystic-travel\/","og_site_name":"Reise zur Palmblattbibliothek - Mystic Travel","article_publisher":"https:\/\/www.facebook.com\/Palmblattbibliothek.Indien","article_modified_time":"2025-02-13T20:24:49+00:00","twitter_card":"summary_large_image","twitter_misc":{"Tempo di lettura stimato":"6 minuti"},"schema":{"@context":"https:\/\/schema.org","@graph":[{"@type":"WebPage","@id":"https:\/\/www.palmblattbibliotheken.de\/it\/online-lesungen\/palmblattlesung-online-erleben-mit-mystic-travel\/","url":"https:\/\/www.palmblattbibliotheken.de\/it\/online-lesungen\/palmblattlesung-online-erleben-mit-mystic-travel\/","name":"Lettura online delle foglie del destino con Mystic Travel","isPartOf":{"@id":"https:\/\/www.palmblattbibliotheken.de\/it\/#website"},"datePublished":"2024-09-03T16:06:05+00:00","dateModified":"2025-02-13T20:24:49+00:00","description":"Lassen Sie sich auf eine Reise mitnehmen in die Geheimnisse Ihrer Vergangenheit und Zukunft. Jetzt Termin f\u00fcr Ihre Palmblattlesung sichern!","breadcrumb":{"@id":"https:\/\/www.palmblattbibliotheken.de\/it\/online-lesungen\/palmblattlesung-online-erleben-mit-mystic-travel\/#breadcrumb"},"inLanguage":"it-IT","potentialAction":[{"@type":"ReadAction","target":["https:\/\/www.palmblattbibliotheken.de\/it\/online-lesungen\/palmblattlesung-online-erleben-mit-mystic-travel\/"]}]},{"@type":"BreadcrumbList","@id":"https:\/\/www.palmblattbibliotheken.de\/it\/online-lesungen\/palmblattlesung-online-erleben-mit-mystic-travel\/#breadcrumb","itemListElement":[{"@type":"ListItem","position":1,"name":"Startseite","item":"https:\/\/www.palmblattbibliotheken.de\/it\/"},{"@type":"ListItem","position":2,"name":"Palmblattlesung online erleben"}]},{"@type":"WebSite","@id":"https:\/\/www.palmblattbibliotheken.de\/it\/#website","url":"https:\/\/www.palmblattbibliotheken.de\/it\/","name":"Reise zur Palmblattbibliothek - Mystic Travel","description":"Finde zu Dir selbst \u2013 Spirituelle und mystische Abenteuerreisen warten auf Dich","publisher":{"@id":"https:\/\/www.palmblattbibliotheken.de\/it\/#organization"},"potentialAction":[{"@type":"SearchAction","target":{"@type":"EntryPoint","urlTemplate":"https:\/\/www.palmblattbibliotheken.de\/it\/?s={search_term_string}"},"query-input":{"@type":"PropertyValueSpecification","valueRequired":true,"valueName":"search_term_string"}}],"inLanguage":"it-IT"},{"@type":"Organization","@id":"https:\/\/www.palmblattbibliotheken.de\/it\/#organization","name":"Mystic Travel","url":"https:\/\/www.palmblattbibliotheken.de\/it\/","logo":{"@type":"ImageObject","inLanguage":"it-IT","@id":"https:\/\/www.palmblattbibliotheken.de\/it\/#\/schema\/logo\/image\/","url":"https:\/\/www.palmblattbibliotheken.de\/wp-content\/uploads\/2024\/09\/cropped-cropped-logo_mystic_travel_141x121.jpg","contentUrl":"https:\/\/www.palmblattbibliotheken.de\/wp-content\/uploads\/2024\/09\/cropped-cropped-logo_mystic_travel_141x121.jpg","width":511,"height":511,"caption":"Mystic Travel"},"image":{"@id":"https:\/\/www.palmblattbibliotheken.de\/it\/#\/schema\/logo\/image\/"},"sameAs":["https:\/\/www.facebook.com\/Palmblattbibliothek.Indien","https:\/\/www.instagram.com\/mystictravel.de\/"]}]}},"_links":{"self":[{"href":"https:\/\/www.palmblattbibliotheken.de\/it\/wp-json\/wp\/v2\/pages\/1327","targetHints":{"allow":["GET"]}}],"collection":[{"href":"https:\/\/www.palmblattbibliotheken.de\/it\/wp-json\/wp\/v2\/pages"}],"about":[{"href":"https:\/\/www.palmblattbibliotheken.de\/it\/wp-json\/wp\/v2\/types\/page"}],"author":[{"embeddable":true,"href":"https:\/\/www.palmblattbibliotheken.de\/it\/wp-json\/wp\/v2\/users\/1"}],"replies":[{"embeddable":true,"href":"https:\/\/www.palmblattbibliotheken.de\/it\/wp-json\/wp\/v2\/comments?post=1327"}],"version-history":[{"count":58,"href":"https:\/\/www.palmblattbibliotheken.de\/it\/wp-json\/wp\/v2\/pages\/1327\/revisions"}],"predecessor-version":[{"id":2594,"href":"https:\/\/www.palmblattbibliotheken.de\/it\/wp-json\/wp\/v2\/pages\/1327\/revisions\/2594"}],"up":[{"embeddable":true,"href":"https:\/\/www.palmblattbibliotheken.de\/it\/wp-json\/wp\/v2\/pages\/1148"}],"wp:attachment":[{"href":"https:\/\/www.palmblattbibliotheken.de\/it\/wp-json\/wp\/v2\/media?parent=1327"}],"curies":[{"name":"wp","href":"https:\/\/api.w.org\/{rel}","templated":true}]}}