{"id":1329,"date":"2024-09-03T18:06:58","date_gmt":"2024-09-03T16:06:58","guid":{"rendered":"https:\/\/www.palmblattbibliotheken.de\/?page_id=1329"},"modified":"2024-10-24T15:54:29","modified_gmt":"2024-10-24T13:54:29","slug":"feedbacks-online-lesungen","status":"publish","type":"page","link":"https:\/\/www.palmblattbibliotheken.de\/it\/online-lesungen\/feedbacks-online-lesungen\/","title":{"rendered":"Feedback On-Line Letture"},"content":{"rendered":"<div data-elementor-type=\"wp-page\" data-elementor-id=\"1329\" class=\"elementor elementor-1329\">\n\t\t\t\t\t\t\t<div class=\"elementor-element elementor-element-81dd1a1 e-con-full e-flex e-con e-parent\" data-id=\"81dd1a1\" data-element_type=\"container\">\r\n\t\t\t\t\t\t<div class=\"elementor-element elementor-element-01a64dd e-flex e-con-boxed e-con e-child\" data-id=\"01a64dd\" data-element_type=\"container\" data-settings=\"{&quot;background_background&quot;:&quot;classic&quot;}\">\r\n\t\t\t\t\t\t\t<div class=\"e-con-inner\">\r\n\t\t\t\t\t\t<div class=\"elementor-element elementor-element-ba229b8 elementor-widget elementor-widget-heading\" data-id=\"ba229b8\" data-element_type=\"widget\" data-widget_type=\"heading.default\">\n\t\t\t\t<div class=\"elementor-widget-container\">\n\t\t\t\t\t<h1 class=\"elementor-heading-title elementor-size-default\">Feedback On-Line Letture<\/h1>\t\t\t\t<\/div>\n\t\t\t\t<\/div>\n\t\t\t\t\t\t<\/div>\r\n\t\t\t\t\r\n\t\t\t<\/div>\r\n\t\t\t\r\n\t\t\t<\/div>\r\n\t\t\t\t\t\t<div class=\"elementor-element elementor-element-b090bf4 e-flex e-con-boxed e-con e-parent\" data-id=\"b090bf4\" data-element_type=\"container\">\r\n\t\t\t\t\t\t\t<div class=\"e-con-inner\">\r\n\t\t\t\t\t\t<div class=\"elementor-element elementor-element-0df11d8 elementor-widget elementor-widget-udesign_widget_breadcrumb\" data-id=\"0df11d8\" data-element_type=\"widget\" data-widget_type=\"udesign_widget_breadcrumb.default\">\n\t\t\t\t<div class=\"elementor-widget-container\">\n\t\t\t\t\t<ol class=\"breadcrumb\"><li><a href=\"https:\/\/www.palmblattbibliotheken.de\/it\" aria-label=\"Breadcrumb\">Home<\/a><\/li><\/ol><script type=\"application\/ld+json\">{\"@context\":\"https:\\\/\\\/schema.org\\\/\",\"@type\":\"BreadcrumbList\",\"itemListElement\":[{\"@type\":\"ListItem\",\"position\":1,\"item\":{\"name\":\"Home\",\"@id\":\"https:\\\/\\\/www.palmblattbibliotheken.de\\\/it\"}}]}<\/script>\t\t\t\t<\/div>\n\t\t\t\t<\/div>\n\t\t\t\t\t\t<\/div>\r\n\t\t\t\t\r\n\t\t\t<\/div>\r\n\t\t\t\t\t\t<div class=\"elementor-element elementor-element-8c6bcc2 e-flex e-con-boxed e-con e-parent\" data-id=\"8c6bcc2\" data-element_type=\"container\">\r\n\t\t\t\t\t\t\t<div class=\"e-con-inner\">\r\n\t\t\t\t\t\t\t<div class=\"elementor-element elementor-element-3cc723a e-con-full e-flex e-con e-child\" data-id=\"3cc723a\" data-element_type=\"container\">\r\n\t\t\t\t\t\t<div class=\"elementor-element elementor-element-7c6139b e-con-full e-flex e-con e-child\" data-id=\"7c6139b\" data-element_type=\"container\">\r\n\t\t\t\t\t<div class=\"elementor-element elementor-element-79b82da elementor-widget elementor-widget-text-editor\" data-id=\"79b82da\" data-element_type=\"widget\" data-widget_type=\"text-editor.default\">\n\t\t\t\t<div class=\"elementor-widget-container\">\n\t\t\t\t\t\t\t\t\t<p>Qui potete trovare i commenti di alcuni dei nostri partecipanti, ci sar\u00e0 un Online-foglia di palma di lettura.<\/p><blockquote><p>Cari Yasmin,<br \/>prima di tutto, vorrei ringraziarvi per il meraviglioso supporto prima, durante e dopo la foglia di palma di lettura \ud83d\ude4f. Si sta facendo grande e non riesco a immaginare qualcuno Migliore per questo compito.<br \/>Anche se on-line in foglia di palma di lettura, e certamente solo la seconda opzione migliore, sono molto contento che ho deciso.<br \/>La lettura ha risposto a molte delle mie domande della vita.<br \/>E ora so anche dove alcuni (i blocchi energetici), nella mia vita, il Karma negativo dal passato la vita a venire (e come posso trasformare. Prima di questo, non ho mai capito perch\u00e9 sono venuto a questi problemi, non importa quanto ho provato e riprovato. Dal momento che so che lo sfondo ora, so che ho fatto in relazione a tali questioni \u00e8 nulla di sbagliato (in questa vita), e non riesco a smettere di (finalmente), a me il vecchio modo di sforzo, perch\u00e9 questo non porter\u00e0 alla soluzione. Questo mi ha incredibilmente e mi hanno profondamente rilassato e calmo.<br \/>Ora ho l&#039;impressione che la mia vita \u00e8 in qualche modo pi\u00f9 facile, e le cose si sviluppano pi\u00f9 armonioso e positivo, in modo che io sono pieno di curiosit\u00e0, che cosa sar\u00e0 la prossima volta.<br \/>Di nuovo un grande grazie a tutti voi, cari Yasmin, perch\u00e9 senza di te, e l&#039;accesso alla Linea di lettura non sarebbe stato possibile. Posso solo confermare ci\u00f2 che \u00e8 stato scritto Konny:<br \/>&#034;Yasmin, sei una meravigliosa anima.&#034; \ud83e\uddda\u2640\ufe0f<br \/>Dal Cuore,<br \/>Mana\u016b \ud83d\udc9e<\/p><\/blockquote><hr \/><blockquote><p>Vorremmo ringraziarvi per la piacevole Insieme con il Gelsomino e il super \ud83d\udc4d\ud83c\udffb Organizzazione. Siamo stati sempre in buone mani. Nel caso di alcune domande, ci sar\u00e0 sempre una veloce e cordiale risposta \u00e8 stata sempre la nostra soddisfazione. Dopo aver letto i nostri dubbi e le nostre preoccupazioni sono state ascoltate e ci potrebbero essere aiutato.<br \/>La nostra Lettura \u00e8 ormai quasi un anno e mezzo fa e guardando indietro, \u00e8 stata una delle decisioni pi\u00f9 importanti nella nostra vita, una foglia di palma esercizio di lettura.<\/p><p>Grazie\u00a0<strong>Clara e Bjorn<br \/><\/strong><\/p><\/blockquote><hr \/><blockquote><p>Ciao Yasmin, grazie per la bella foglia di palma di lettura. Si tratta di una straordinaria e affascinante esperienza. Mi sento rafforzato e incoraggiato. Molte grazie e un sacco di amore\u00a0<strong>Diana:)<\/strong><\/p><\/blockquote><hr \/><blockquote><p>Cari Yasmin, prima di tutto, vorrei ringraziarvi per tutto, ed io sono molto felice e soddisfatto della mia scelta, Hai prenotato, e di avere con Voi.<\/p><p>Il servizio \u00e8 stato molto buono, tutte le mie domande hanno risposto, e tutto ci\u00f2 che \u00e8 stato gi\u00e0 trasmesso online un buon inizio, e ho potuto e posso continuare a segnalare in qualsiasi momento, se non ci sono ancora domande. Ho una buona sensazione che tutto \u00e8 esattamente andata cos\u00ec bene.<br \/>A questo giorno, io sono ancora stupito di come esattamente al lettore di sapere quello che sembra a me, tutta la mia lunga vita, e ci\u00f2 che \u00e8 stato scritto in foglie di palma, e la mia vita. Questo pu\u00f2 solo conoscere qualcuno che pu\u00f2 vedere attraverso lo spazio e il tempo, e il know \u2013 non c&#039;\u00e8 altro modo!!! Inoltre, i problemi di salute sono stati elencati estremamente accurate. Allo stesso modo, i problemi attuali della societ\u00e0 nel mio Lavoro, incredibilmente, non \u00e8 possibile votare o sulla base di un oroscopo tipo di carica.<br \/>Molte cose sono state cos\u00ec sorprendente che ora so al 100% che questo potrebbe essere dovuto altamente sviluppato anime gesehent. Quello che succede a noi, nel nostro essere Interiore e cosa porter\u00e0 il futuro di ogni individuo. Come se non bastasse, c&#039;\u00e8 anche ancora in fase di scrittura, per cui i nostri figli, ho ancora una connessione pi\u00f9 stretta \u2013 e &#039; molto bella!!! Non \u00e8 qualcosa che si pu\u00f2 calcolare googling, tariffe,... Anche le informazioni ai miei pi\u00f9 stretti familiari sono stati molto preziosi per me.<br \/>Sono molto felice, sollevato e grato di avere la Lettura fatta. Ora vedo il filo rosso nella mia vita, ho spiegato perch\u00e9 le cose stanno cos\u00ec, sapere, ora, che ho intenzione di avere 1, 5 anni di momenti difficili, e poi la grande difficolt\u00e0 di questa vita da am, la peggiore delle quali \u00e8 ora gi\u00e0 in passato.<br \/>Ho una buona vista<br \/>Tutto questo mi ha aiutato un sacco, posso finalmente chiaro, ancora una volta, di relax e di accettare le cose come sono, perch\u00e9 so che lo sfondo ora. Mi \u00e8 venuto abbastanza chiaramente a riposo.<br \/>Se sono seri o tristi momenti, io penso subito a mio foglia di palma di lettura, e l&#039;ausiliario posteriore dichiarazioni che mi accade, di solito all&#039;interno di un breve periodo di tempo, \u00e8 meglio.<br \/>Inoltre, la grande futuro, ha facilitato l&#039;ansia in me, ora che so come va. Posso anche permettere a nuovi pensieri e le possibilit\u00e0 che sarebbe venuto ad oggi, per me, non \u00e8 mai in discussione. Le paure, le Preoccupazioni e i drammi nella mia vita, risolvere i problemi pi\u00f9 e pi\u00f9 e pi\u00f9.<\/p><p><strong>Simone da Heidenheim<\/strong>, 7 settimane dopo la mia foglia di palma di lettura<\/p><\/blockquote><hr \/><blockquote><p>Dopo le Nadi, il Lettore ha trovato il mio personale foglia di palma, lui mi dice molto sulla mia vita attuale. Quello che aveva riferito circa la mia tratti del carattere e le circostanze della vita, posso confermare pienamente. Se le sue affermazioni circa il mio futuro si rivela per essere vero, sar\u00e0 spettacolo. Anche la mia ex vita, egli \u00e8 venuto a parlare in dettaglio.<\/p><p>A causa di vari sfavorevoli condizioni preesistenti, ha accatastato con me un enorme elenco di peccati. I compiti che sono stati dati a me da il Rishi ai fini della risoluzione del karma, sono abbastanza impegnativi. Tutto in tutti, la foglia di palma-la lettura \u00e8 stata una bellissima ed emozionante esperienza che posso consigliare a chiunque sia Interessato al futuro.<\/p><p><strong>Thomar noi dr Svitto<\/strong><\/p><\/blockquote><hr \/><blockquote><p>La foglia di palma lettura \u00e8 stato un dono per me, uno pi\u00f9 a venire nella mia vita, e io sono cos\u00ec grato che ero in grado di farlo.<\/p><p><strong>Konny<\/strong><\/p><\/blockquote><hr \/><blockquote><p>Sto mega grato per questa bella sessione, ci si sente cos\u00ec a destra, che ho potuto fare e non hanno fatto, e anche un modo per contattare l&#039;utente, Yasmin, sei una meravigliosa anima.<\/p><p><strong>Sibylle<\/strong><\/p><\/blockquote><hr \/><blockquote><p>Cari Yasmin, per ricevere grazie, hai reso possibile per me in modo veloce, in una lettura. Sono stato in grado di acquisire tutte le informazioni relative all&#039;indomani e S\u00ec, wow, perch\u00e9 i messaggi che mi serve al momento attuale, per capire la mia vita, di andare venuto.<\/p><p>Molte grazie,<strong>\u00a0Sabine<\/strong><\/p><\/blockquote>\t\t\t\t\t\t\t\t<\/div>\n\t\t\t\t<\/div>\n\t\t\r\n\t\t\t<\/div>\r\n\t\t\t\t\t\t<div class=\"elementor-element elementor-element-1ee3e2a e-con-full e-flex e-con e-child\" data-id=\"1ee3e2a\" data-element_type=\"container\">\r\n\t\t\t\t\t<div class=\"elementor-element elementor-element-a8e4a64 elementor-align-left elementor-widget elementor-widget-button\" data-id=\"a8e4a64\" data-element_type=\"widget\" data-widget_type=\"button.default\">\n\t\t\t\t<div class=\"elementor-widget-container\">\n\t\t\t\t\t\t\t\t\t<div class=\"elementor-button-wrapper\">\n\t\t\t\t\t<a class=\"elementor-button elementor-button-link elementor-size-sm\" href=\"https:\/\/www.palmblattbibliotheken.de\/it\/palmblattlesung-online\/\">\n\t\t\t\t\t\t<span class=\"elementor-button-content-wrapper\">\n\t\t\t\t\t\t\t\t\t<span class=\"elementor-button-text\">Informazioni sulla registrazione<\/span>\n\t\t\t\t\t<\/span>\n\t\t\t\t\t<\/a>\n\t\t\t\t<\/div>\n\t\t\t\t\t\t\t\t<\/div>\n\t\t\t\t<\/div>\n\t\t\r\n\t\t\t<\/div>\r\n\t\t\t\r\n\t\t\t<\/div>\r\n\t\t\t\t\t<div class=\"elementor-element elementor-element-f75bde0 elementor-widget__width-initial elementor-widget elementor-widget-sidebar\" data-id=\"f75bde0\" data-element_type=\"widget\" data-widget_type=\"sidebar.default\">\n\t\t\t\t<div class=\"elementor-widget-container\">\n\t\t\t\t\t<nav id=\"block-7\" class=\"widget widget_block widget-collapsible\">\n<div class=\"wp-block-group\"><div class=\"wp-block-group__inner-container is-layout-flow wp-block-group-is-layout-flow\">\n<h5 class=\"wp-block-heading\">Richiesta di prenotazione<\/h5>\n\n\n\n<hr>\n\n\n\n<div class=\"wp-block-columns is-layout-flex wp-container-core-columns-is-layout-9d6595d7 wp-block-columns-is-layout-flex\">\n<div class=\"wp-block-column is-layout-flow wp-block-column-is-layout-flow\" style=\"flex-basis:66.66%\">\n<p> Qui trovi la documentazione per la <span style=\"color:#810081\"> richiesta di prenotazione <br> <b>info@mystictravel.de<\/b> <\/span> <\/p>\n<\/div>\n\n\n\n<div class=\"wp-block-column is-layout-flow wp-block-column-is-layout-flow\" style=\"flex-basis:33.33%\">\n<figure class=\"wp-block-image size-full\"><a href=\"https:\/\/www.palmblattbibliotheken.de\/it\/kontakt\/\"><img loading=\"lazy\" decoding=\"async\" width=\"220\" height=\"220\" src=\"https:\/\/www.palmblattbibliotheken.de\/wp-content\/uploads\/2024\/09\/icon_buchungsunterlagen.png\" alt=\"\" class=\"wp-image-1133\"\/><\/a><\/figure>\n<\/div>\n<\/div>\n<\/div><\/div>\n<\/nav><nav id=\"block-8\" class=\"widget widget_block widget-collapsible\">\n<div class=\"wp-block-group\"><div class=\"wp-block-group__inner-container is-layout-flow wp-block-group-is-layout-flow\">\n<h5 class=\"wp-block-heading\">Commenti<\/h5>\n\n\n\n<hr>\n\n\n\n<div class=\"wp-block-columns is-layout-flex wp-container-core-columns-is-layout-9d6595d7 wp-block-columns-is-layout-flex\">\n<div class=\"wp-block-column is-layout-flow wp-block-column-is-layout-flow\" style=\"flex-basis:66.66%\">\n<p>\"Un viaggio speciale,\ncome non avevamo mai vissuto prima. Le nostre aspettative sono state ampiamente superate ..\" \"<\/p>\n<\/div>\n\n\n\n<div class=\"wp-block-column is-layout-flow wp-block-column-is-layout-flow\" style=\"flex-basis:33.33%\">\n<figure class=\"wp-block-image size-full\"><a href=\"https:\/\/www.palmblattbibliotheken.de\/it\/gaestebuch-feedback\/\"><img loading=\"lazy\" decoding=\"async\" width=\"120\" height=\"120\" src=\"https:\/\/www.palmblattbibliotheken.de\/wp-content\/uploads\/2024\/09\/icon_feedback1.png\" alt=\"\" class=\"wp-image-1134\"\/><\/a><\/figure>\n<\/div>\n<\/div>\n\n\n\n<h5 class=\"wp-block-heading\">Avete delle domande?<\/h5>\n\n\n\n<hr>\n<\/div><\/div>\n<\/nav><nav id=\"block-10\" class=\"widget widget_block widget-collapsible\">\n<div class=\"wp-block-columns is-layout-flex wp-container-core-columns-is-layout-9d6595d7 wp-block-columns-is-layout-flex\">\n<div class=\"wp-block-column is-layout-flow wp-block-column-is-layout-flow\" style=\"flex-basis:66.66%\">\n<p>Facile, semplice e veloce! Contattateci pure! <br> <span style=\"color:#810081\"> <b> +49\/177-5533007 <\/b><\/span><\/p>\n<\/div>\n\n\n\n<div class=\"wp-block-column is-layout-flow wp-block-column-is-layout-flow\" style=\"flex-basis:33.33%\">\n<figure class=\"wp-block-image size-full\"><a href=\"https:\/\/www.palmblattbibliotheken.de\/it\/kontakt\/\"><img loading=\"lazy\" decoding=\"async\" width=\"120\" height=\"120\" src=\"https:\/\/www.palmblattbibliotheken.de\/wp-content\/uploads\/2024\/09\/icon_kontakt.png\" alt=\"\" class=\"wp-image-1135\"\/><\/a><\/figure>\n<\/div>\n<\/div>\n<\/nav><nav id=\"block-9\" class=\"widget widget_block widget-collapsible\">\n<div class=\"wp-block-group\"><div class=\"wp-block-group__inner-container is-layout-flow wp-block-group-is-layout-flow\">\n<h5 class=\"wp-block-heading\">Biblioteca delle foglie del destino<\/h5>\n\n\n\n<hr>\n\n\n<div class=\"wp-block-image\">\n<figure class=\"aligncenter size-full\"><a href=\"https:\/\/www.palmblattbibliotheken.de\/it\/palmblattbibliothek\/\"><img loading=\"lazy\" decoding=\"async\" width=\"215\" height=\"81\" src=\"https:\/\/www.palmblattbibliotheken.de\/wp-content\/uploads\/2024\/09\/image.png\" alt=\"\" class=\"wp-image-1027\"\/><\/a><\/figure>\n<\/div><\/div><\/div>\n<\/nav>\t\t\t\t<\/div>\n\t\t\t\t<\/div>\n\t\t\t\t\t\t<\/div>\r\n\t\t\t\t\r\n\t\t\t<\/div>\r\n\t\t\t\t\t<\/div>","protected":false},"excerpt":{"rendered":"<p>Feedbacks Online Lesungen Home Hier findest Du Feedbacks von einigen unserer Teilnehmer und Teilnehmerinnen einer Online-Palmblattlesung. Liebe Yasmin,zun\u00e4chst einmal m\u00f6chte ich mich ganz herzlich bei dir bedanken f\u00fcr deine wunderbare Betreuung vor, w\u00e4hrend und nach der Palmblattlesung \ud83d\ude4f. Du machst das ganz gro\u00dfartig und ich kann mir wirklich niemand Besseren vorstellen f\u00fcr diese Aufgabe.Auch wenn [&hellip;]<\/p>","protected":false},"author":1,"featured_media":0,"parent":1148,"menu_order":0,"comment_status":"closed","ping_status":"closed","template":"elementor_header_footer","meta":{"_acf_changed":false,"footnotes":""},"class_list":["post-1329","page","type-page","status-publish","hentry"],"acf":[],"yoast_head":"<!-- This site is optimized with the Yoast SEO plugin v26.8 - https:\/\/yoast.com\/product\/yoast-seo-wordpress\/ -->\n<title>Feedbacks Online Lesungen - Reise zur Palmblattbibliothek - Mystic Travel<\/title>\n<meta name=\"description\" content=\"Es ist ein au\u00dfergew\u00f6hnliche, faszinierende Erfahrung. Ich f\u00fchle mich gest\u00e4rkt und ermutigt. Vielen Dank daf\u00fcr und alles Liebe!\" \/>\n<meta name=\"robots\" content=\"index, follow, max-snippet:-1, max-image-preview:large, max-video-preview:-1\" \/>\n<link rel=\"canonical\" href=\"https:\/\/www.palmblattbibliotheken.de\/it\/online-lesungen\/feedbacks-online-lesungen\/\" \/>\n<meta property=\"og:locale\" content=\"it_IT\" \/>\n<meta property=\"og:type\" content=\"article\" \/>\n<meta property=\"og:title\" content=\"Feedbacks Online Lesungen - Reise zur Palmblattbibliothek - Mystic Travel\" \/>\n<meta property=\"og:description\" content=\"Es ist ein au\u00dfergew\u00f6hnliche, faszinierende Erfahrung. Ich f\u00fchle mich gest\u00e4rkt und ermutigt. Vielen Dank daf\u00fcr und alles Liebe!\" \/>\n<meta property=\"og:url\" content=\"https:\/\/www.palmblattbibliotheken.de\/it\/online-lesungen\/feedbacks-online-lesungen\/\" \/>\n<meta property=\"og:site_name\" content=\"Reise zur Palmblattbibliothek - Mystic Travel\" \/>\n<meta property=\"article:publisher\" content=\"https:\/\/www.facebook.com\/Palmblattbibliothek.Indien\" \/>\n<meta property=\"article:modified_time\" content=\"2024-10-24T13:54:29+00:00\" \/>\n<meta name=\"twitter:card\" content=\"summary_large_image\" \/>\n<meta name=\"twitter:label1\" content=\"Tempo di lettura stimato\" \/>\n\t<meta name=\"twitter:data1\" content=\"2 minuti\" \/>\n<script type=\"application\/ld+json\" class=\"yoast-schema-graph\">{\"@context\":\"https:\/\/schema.org\",\"@graph\":[{\"@type\":\"WebPage\",\"@id\":\"https:\/\/www.palmblattbibliotheken.de\/it\/online-lesungen\/feedbacks-online-lesungen\/\",\"url\":\"https:\/\/www.palmblattbibliotheken.de\/it\/online-lesungen\/feedbacks-online-lesungen\/\",\"name\":\"Feedbacks Online Lesungen - Reise zur Palmblattbibliothek - Mystic Travel\",\"isPartOf\":{\"@id\":\"https:\/\/www.palmblattbibliotheken.de\/it\/#website\"},\"datePublished\":\"2024-09-03T16:06:58+00:00\",\"dateModified\":\"2024-10-24T13:54:29+00:00\",\"description\":\"Es ist ein au\u00dfergew\u00f6hnliche, faszinierende Erfahrung. Ich f\u00fchle mich gest\u00e4rkt und ermutigt. Vielen Dank daf\u00fcr und alles Liebe!\",\"breadcrumb\":{\"@id\":\"https:\/\/www.palmblattbibliotheken.de\/it\/online-lesungen\/feedbacks-online-lesungen\/#breadcrumb\"},\"inLanguage\":\"it-IT\",\"potentialAction\":[{\"@type\":\"ReadAction\",\"target\":[\"https:\/\/www.palmblattbibliotheken.de\/it\/online-lesungen\/feedbacks-online-lesungen\/\"]}]},{\"@type\":\"BreadcrumbList\",\"@id\":\"https:\/\/www.palmblattbibliotheken.de\/it\/online-lesungen\/feedbacks-online-lesungen\/#breadcrumb\",\"itemListElement\":[{\"@type\":\"ListItem\",\"position\":1,\"name\":\"Startseite\",\"item\":\"https:\/\/www.palmblattbibliotheken.de\/it\/\"},{\"@type\":\"ListItem\",\"position\":2,\"name\":\"Feedbacks Online Lesungen\"}]},{\"@type\":\"WebSite\",\"@id\":\"https:\/\/www.palmblattbibliotheken.de\/it\/#website\",\"url\":\"https:\/\/www.palmblattbibliotheken.de\/it\/\",\"name\":\"Reise zur Palmblattbibliothek - Mystic Travel\",\"description\":\"Finde zu Dir selbst \u2013 Spirituelle und mystische Abenteuerreisen warten auf Dich\",\"publisher\":{\"@id\":\"https:\/\/www.palmblattbibliotheken.de\/it\/#organization\"},\"potentialAction\":[{\"@type\":\"SearchAction\",\"target\":{\"@type\":\"EntryPoint\",\"urlTemplate\":\"https:\/\/www.palmblattbibliotheken.de\/it\/?s={search_term_string}\"},\"query-input\":{\"@type\":\"PropertyValueSpecification\",\"valueRequired\":true,\"valueName\":\"search_term_string\"}}],\"inLanguage\":\"it-IT\"},{\"@type\":\"Organization\",\"@id\":\"https:\/\/www.palmblattbibliotheken.de\/it\/#organization\",\"name\":\"Mystic Travel\",\"url\":\"https:\/\/www.palmblattbibliotheken.de\/it\/\",\"logo\":{\"@type\":\"ImageObject\",\"inLanguage\":\"it-IT\",\"@id\":\"https:\/\/www.palmblattbibliotheken.de\/it\/#\/schema\/logo\/image\/\",\"url\":\"https:\/\/www.palmblattbibliotheken.de\/wp-content\/uploads\/2024\/09\/cropped-cropped-logo_mystic_travel_141x121.jpg\",\"contentUrl\":\"https:\/\/www.palmblattbibliotheken.de\/wp-content\/uploads\/2024\/09\/cropped-cropped-logo_mystic_travel_141x121.jpg\",\"width\":511,\"height\":511,\"caption\":\"Mystic Travel\"},\"image\":{\"@id\":\"https:\/\/www.palmblattbibliotheken.de\/it\/#\/schema\/logo\/image\/\"},\"sameAs\":[\"https:\/\/www.facebook.com\/Palmblattbibliothek.Indien\",\"https:\/\/www.instagram.com\/mystictravel.de\/\"]}]}<\/script>\n<!-- \/ Yoast SEO plugin. -->","yoast_head_json":{"title":"Feedbacks Online Lesungen - Reise zur Palmblattbibliothek - Mystic Travel","description":"Es ist ein au\u00dfergew\u00f6hnliche, faszinierende Erfahrung. Ich f\u00fchle mich gest\u00e4rkt und ermutigt. Vielen Dank daf\u00fcr und alles Liebe!","robots":{"index":"index","follow":"follow","max-snippet":"max-snippet:-1","max-image-preview":"max-image-preview:large","max-video-preview":"max-video-preview:-1"},"canonical":"https:\/\/www.palmblattbibliotheken.de\/it\/online-lesungen\/feedbacks-online-lesungen\/","og_locale":"it_IT","og_type":"article","og_title":"Feedbacks Online Lesungen - Reise zur Palmblattbibliothek - Mystic Travel","og_description":"Es ist ein au\u00dfergew\u00f6hnliche, faszinierende Erfahrung. Ich f\u00fchle mich gest\u00e4rkt und ermutigt. Vielen Dank daf\u00fcr und alles Liebe!","og_url":"https:\/\/www.palmblattbibliotheken.de\/it\/online-lesungen\/feedbacks-online-lesungen\/","og_site_name":"Reise zur Palmblattbibliothek - Mystic Travel","article_publisher":"https:\/\/www.facebook.com\/Palmblattbibliothek.Indien","article_modified_time":"2024-10-24T13:54:29+00:00","twitter_card":"summary_large_image","twitter_misc":{"Tempo di lettura stimato":"2 minuti"},"schema":{"@context":"https:\/\/schema.org","@graph":[{"@type":"WebPage","@id":"https:\/\/www.palmblattbibliotheken.de\/it\/online-lesungen\/feedbacks-online-lesungen\/","url":"https:\/\/www.palmblattbibliotheken.de\/it\/online-lesungen\/feedbacks-online-lesungen\/","name":"Feedbacks Online Lesungen - Reise zur Palmblattbibliothek - Mystic Travel","isPartOf":{"@id":"https:\/\/www.palmblattbibliotheken.de\/it\/#website"},"datePublished":"2024-09-03T16:06:58+00:00","dateModified":"2024-10-24T13:54:29+00:00","description":"Es ist ein au\u00dfergew\u00f6hnliche, faszinierende Erfahrung. Ich f\u00fchle mich gest\u00e4rkt und ermutigt. Vielen Dank daf\u00fcr und alles Liebe!","breadcrumb":{"@id":"https:\/\/www.palmblattbibliotheken.de\/it\/online-lesungen\/feedbacks-online-lesungen\/#breadcrumb"},"inLanguage":"it-IT","potentialAction":[{"@type":"ReadAction","target":["https:\/\/www.palmblattbibliotheken.de\/it\/online-lesungen\/feedbacks-online-lesungen\/"]}]},{"@type":"BreadcrumbList","@id":"https:\/\/www.palmblattbibliotheken.de\/it\/online-lesungen\/feedbacks-online-lesungen\/#breadcrumb","itemListElement":[{"@type":"ListItem","position":1,"name":"Startseite","item":"https:\/\/www.palmblattbibliotheken.de\/it\/"},{"@type":"ListItem","position":2,"name":"Feedbacks Online Lesungen"}]},{"@type":"WebSite","@id":"https:\/\/www.palmblattbibliotheken.de\/it\/#website","url":"https:\/\/www.palmblattbibliotheken.de\/it\/","name":"Reise zur Palmblattbibliothek - Mystic Travel","description":"Finde zu Dir selbst \u2013 Spirituelle und mystische Abenteuerreisen warten auf Dich","publisher":{"@id":"https:\/\/www.palmblattbibliotheken.de\/it\/#organization"},"potentialAction":[{"@type":"SearchAction","target":{"@type":"EntryPoint","urlTemplate":"https:\/\/www.palmblattbibliotheken.de\/it\/?s={search_term_string}"},"query-input":{"@type":"PropertyValueSpecification","valueRequired":true,"valueName":"search_term_string"}}],"inLanguage":"it-IT"},{"@type":"Organization","@id":"https:\/\/www.palmblattbibliotheken.de\/it\/#organization","name":"Mystic Travel","url":"https:\/\/www.palmblattbibliotheken.de\/it\/","logo":{"@type":"ImageObject","inLanguage":"it-IT","@id":"https:\/\/www.palmblattbibliotheken.de\/it\/#\/schema\/logo\/image\/","url":"https:\/\/www.palmblattbibliotheken.de\/wp-content\/uploads\/2024\/09\/cropped-cropped-logo_mystic_travel_141x121.jpg","contentUrl":"https:\/\/www.palmblattbibliotheken.de\/wp-content\/uploads\/2024\/09\/cropped-cropped-logo_mystic_travel_141x121.jpg","width":511,"height":511,"caption":"Mystic Travel"},"image":{"@id":"https:\/\/www.palmblattbibliotheken.de\/it\/#\/schema\/logo\/image\/"},"sameAs":["https:\/\/www.facebook.com\/Palmblattbibliothek.Indien","https:\/\/www.instagram.com\/mystictravel.de\/"]}]}},"_links":{"self":[{"href":"https:\/\/www.palmblattbibliotheken.de\/it\/wp-json\/wp\/v2\/pages\/1329","targetHints":{"allow":["GET"]}}],"collection":[{"href":"https:\/\/www.palmblattbibliotheken.de\/it\/wp-json\/wp\/v2\/pages"}],"about":[{"href":"https:\/\/www.palmblattbibliotheken.de\/it\/wp-json\/wp\/v2\/types\/page"}],"author":[{"embeddable":true,"href":"https:\/\/www.palmblattbibliotheken.de\/it\/wp-json\/wp\/v2\/users\/1"}],"replies":[{"embeddable":true,"href":"https:\/\/www.palmblattbibliotheken.de\/it\/wp-json\/wp\/v2\/comments?post=1329"}],"version-history":[{"count":19,"href":"https:\/\/www.palmblattbibliotheken.de\/it\/wp-json\/wp\/v2\/pages\/1329\/revisions"}],"predecessor-version":[{"id":2134,"href":"https:\/\/www.palmblattbibliotheken.de\/it\/wp-json\/wp\/v2\/pages\/1329\/revisions\/2134"}],"up":[{"embeddable":true,"href":"https:\/\/www.palmblattbibliotheken.de\/it\/wp-json\/wp\/v2\/pages\/1148"}],"wp:attachment":[{"href":"https:\/\/www.palmblattbibliotheken.de\/it\/wp-json\/wp\/v2\/media?parent=1329"}],"curies":[{"name":"wp","href":"https:\/\/api.w.org\/{rel}","templated":true}]}}