{"id":1538,"date":"2024-09-04T18:56:57","date_gmt":"2024-09-04T16:56:57","guid":{"rendered":"https:\/\/www.palmblattbibliotheken.de\/?page_id=1538"},"modified":"2024-12-29T17:29:25","modified_gmt":"2024-12-29T16:29:25","slug":"nachhaltigkeit","status":"publish","type":"page","link":"https:\/\/www.palmblattbibliotheken.de\/it\/reisebegleiter\/nachhaltigkeit\/","title":{"rendered":"Sostenibilit\u00e0"},"content":{"rendered":"<div data-elementor-type=\"wp-page\" data-elementor-id=\"1538\" class=\"elementor elementor-1538\">\n\t\t\t\t\t\t\t<div class=\"elementor-element elementor-element-81dd1a1 e-con-full e-flex e-con e-parent\" data-id=\"81dd1a1\" data-element_type=\"container\">\r\n\t\t\t\t\t\t<div class=\"elementor-element elementor-element-01a64dd e-flex e-con-boxed e-con e-child\" data-id=\"01a64dd\" data-element_type=\"container\" data-settings=\"{&quot;background_background&quot;:&quot;classic&quot;}\">\r\n\t\t\t\t\t\t\t<div class=\"e-con-inner\">\r\n\t\t\t\t\t\t<div class=\"elementor-element elementor-element-ba229b8 elementor-widget elementor-widget-heading\" data-id=\"ba229b8\" data-element_type=\"widget\" data-widget_type=\"heading.default\">\n\t\t\t\t<div class=\"elementor-widget-container\">\n\t\t\t\t\t<h1 class=\"elementor-heading-title elementor-size-default\">Sostenibilit\u00e0<\/h1>\t\t\t\t<\/div>\n\t\t\t\t<\/div>\n\t\t\t\t\t\t<\/div>\r\n\t\t\t\t\r\n\t\t\t<\/div>\r\n\t\t\t\r\n\t\t\t<\/div>\r\n\t\t\t\t\t\t<div class=\"elementor-element elementor-element-b090bf4 e-flex e-con-boxed e-con e-parent\" data-id=\"b090bf4\" data-element_type=\"container\">\r\n\t\t\t\t\t\t\t<div class=\"e-con-inner\">\r\n\t\t\t\t\t\t<div class=\"elementor-element elementor-element-0df11d8 elementor-widget elementor-widget-udesign_widget_breadcrumb\" data-id=\"0df11d8\" data-element_type=\"widget\" data-widget_type=\"udesign_widget_breadcrumb.default\">\n\t\t\t\t<div class=\"elementor-widget-container\">\n\t\t\t\t\t<ol class=\"breadcrumb\"><li><a href=\"https:\/\/www.palmblattbibliotheken.de\/it\" aria-label=\"Breadcrumb\">Home<\/a><\/li><\/ol><script type=\"application\/ld+json\">{\"@context\":\"https:\\\/\\\/schema.org\\\/\",\"@type\":\"BreadcrumbList\",\"itemListElement\":[{\"@type\":\"ListItem\",\"position\":1,\"item\":{\"name\":\"Home\",\"@id\":\"https:\\\/\\\/www.palmblattbibliotheken.de\\\/it\"}}]}<\/script>\t\t\t\t<\/div>\n\t\t\t\t<\/div>\n\t\t\t\t\t\t<\/div>\r\n\t\t\t\t\r\n\t\t\t<\/div>\r\n\t\t\t\t\t\t<div class=\"elementor-element elementor-element-8c6bcc2 e-flex e-con-boxed e-con e-parent\" data-id=\"8c6bcc2\" data-element_type=\"container\">\r\n\t\t\t\t\t\t\t<div class=\"e-con-inner\">\r\n\t\t\t\t\t\t\t<div class=\"elementor-element elementor-element-3cc723a e-con-full e-flex e-con e-child\" data-id=\"3cc723a\" data-element_type=\"container\">\r\n\t\t\t\t\t\t<div class=\"elementor-element elementor-element-7c6139b e-con-full e-flex e-con e-child\" data-id=\"7c6139b\" data-element_type=\"container\">\r\n\t\t\t\t\t<div class=\"elementor-element elementor-element-79b82da elementor-widget elementor-widget-text-editor\" data-id=\"79b82da\" data-element_type=\"widget\" data-widget_type=\"text-editor.default\">\n\t\t\t\t<div class=\"elementor-widget-container\">\n\t\t\t\t\t\t\t\t\t<p>Bei einem Langstreckenflug nach Indien entsteht eine Menge an CO2 und anderen Abgasen. Um diese zu kompensieren, kann man z.B. bei Atmosfair eine freiwillige Zahlung leisten. Die zertifizierte Institution sorgt daf\u00fcr, dass Projekte finanziert werden, die den Aussto\u00df an anderer Stelle (z.B. eine Solaranlage f\u00fcr Warmwasser) wieder einsparen und so den\u00a0Flug kompensieren.<\/p><p><img loading=\"lazy\" decoding=\"async\" class=\"size-full wp-image-1539 aligncenter\" src=\"https:\/\/www.palmblattbibliotheken.de\/wp-content\/uploads\/2024\/09\/atm_logo_de.png\" alt=\"\" width=\"215\" height=\"81\" \/><\/p><p>Auf einer Reise durch Indien begegnet man einigen schwerwiegenden Umwelts\u00fcnden. Vor allem Plastik und dessen Entsorgung\/Recycling ist ein gro\u00dfes Problem. Um nicht auch dazu beizutragen, versuchen wir, auf unseren Reisen so wenig wie m\u00f6glich M\u00fcll zu produzieren. Das hei\u00dft immer auch, unsere indischen Dienstleister davon zu \u00fcberzeugen, was nicht ganz einfach ist, am Ende aber auch bei ihnen eine Wirkung hinterl\u00e4sst. So bieten wir z.B. sicheres gefiltertes Trinkwasser und vermeiden t\u00e4glich viele leere Plastikflaschen. Im Nationalpark befinden wir uns in einer von der Landesregierung als plastikfreie Zone deklarierten Gegend, wo die Bem\u00fchungen, das Land wieder sauber zu bekommen, deutlich sichtbar werden. Der jetzige Premierminister Narendra Modi hat das erkl\u00e4rte Ziel ausgegeben, bis zum 150. Geburtstag Mahatma Gandhis 2019 das Land durch vielf\u00e4ltige Aktionen zu reinigen. In Bangalore wurde vor ca. 7 Jahren begonnen, die vielen Rikshas von 2-Taktmotoren auf Gas umzustellen und es kommen immer mehr Elektrobusse im \u00f6ffentlichen Nahverkehr zum Einsatz, was die Luftqualit\u00e4t erheblich verbessert hat.<\/p>\t\t\t\t\t\t\t\t<\/div>\n\t\t\t\t<\/div>\n\t\t\r\n\t\t\t<\/div>\r\n\t\t\t\t\t\t<div class=\"elementor-element elementor-element-1ee3e2a e-con-full e-flex e-con e-child\" data-id=\"1ee3e2a\" data-element_type=\"container\">\r\n\t\t\t\r\n\t\t\t<\/div>\r\n\t\t\t\r\n\t\t\t<\/div>\r\n\t\t\t\t\t<div class=\"elementor-element elementor-element-f75bde0 elementor-widget__width-initial elementor-widget elementor-widget-sidebar\" data-id=\"f75bde0\" data-element_type=\"widget\" data-widget_type=\"sidebar.default\">\n\t\t\t\t<div class=\"elementor-widget-container\">\n\t\t\t\t\t<nav id=\"block-7\" class=\"widget widget_block widget-collapsible\">\n<div class=\"wp-block-group\"><div class=\"wp-block-group__inner-container is-layout-flow wp-block-group-is-layout-flow\">\n<h5 class=\"wp-block-heading\">Richiesta di prenotazione<\/h5>\n\n\n\n<hr>\n\n\n\n<div class=\"wp-block-columns is-layout-flex wp-container-core-columns-is-layout-9d6595d7 wp-block-columns-is-layout-flex\">\n<div class=\"wp-block-column is-layout-flow wp-block-column-is-layout-flow\" style=\"flex-basis:66.66%\">\n<p> Qui trovi la documentazione per la <span style=\"color:#810081\"> richiesta di prenotazione <br> <b>info@mystictravel.de<\/b> <\/span> <\/p>\n<\/div>\n\n\n\n<div class=\"wp-block-column is-layout-flow wp-block-column-is-layout-flow\" style=\"flex-basis:33.33%\">\n<figure class=\"wp-block-image size-full\"><a href=\"https:\/\/www.palmblattbibliotheken.de\/it\/kontakt\/\"><img loading=\"lazy\" decoding=\"async\" width=\"220\" height=\"220\" src=\"https:\/\/www.palmblattbibliotheken.de\/wp-content\/uploads\/2024\/09\/icon_buchungsunterlagen.png\" alt=\"\" class=\"wp-image-1133\"\/><\/a><\/figure>\n<\/div>\n<\/div>\n<\/div><\/div>\n<\/nav><nav id=\"block-8\" class=\"widget widget_block widget-collapsible\">\n<div class=\"wp-block-group\"><div class=\"wp-block-group__inner-container is-layout-flow wp-block-group-is-layout-flow\">\n<h5 class=\"wp-block-heading\">Commenti<\/h5>\n\n\n\n<hr>\n\n\n\n<div class=\"wp-block-columns is-layout-flex wp-container-core-columns-is-layout-9d6595d7 wp-block-columns-is-layout-flex\">\n<div class=\"wp-block-column is-layout-flow wp-block-column-is-layout-flow\" style=\"flex-basis:66.66%\">\n<p>\"Un viaggio speciale,\ncome non avevamo mai vissuto prima. Le nostre aspettative sono state ampiamente superate ..\" \"<\/p>\n<\/div>\n\n\n\n<div class=\"wp-block-column is-layout-flow wp-block-column-is-layout-flow\" style=\"flex-basis:33.33%\">\n<figure class=\"wp-block-image size-full\"><a href=\"https:\/\/www.palmblattbibliotheken.de\/it\/gaestebuch-feedback\/\"><img loading=\"lazy\" decoding=\"async\" width=\"120\" height=\"120\" src=\"https:\/\/www.palmblattbibliotheken.de\/wp-content\/uploads\/2024\/09\/icon_feedback1.png\" alt=\"\" class=\"wp-image-1134\"\/><\/a><\/figure>\n<\/div>\n<\/div>\n\n\n\n<h5 class=\"wp-block-heading\">Avete delle domande?<\/h5>\n\n\n\n<hr>\n<\/div><\/div>\n<\/nav><nav id=\"block-10\" class=\"widget widget_block widget-collapsible\">\n<div class=\"wp-block-columns is-layout-flex wp-container-core-columns-is-layout-9d6595d7 wp-block-columns-is-layout-flex\">\n<div class=\"wp-block-column is-layout-flow wp-block-column-is-layout-flow\" style=\"flex-basis:66.66%\">\n<p>Facile, semplice e veloce! Contattateci pure! <br> <span style=\"color:#810081\"> <b> +49\/177-5533007 <\/b><\/span><\/p>\n<\/div>\n\n\n\n<div class=\"wp-block-column is-layout-flow wp-block-column-is-layout-flow\" style=\"flex-basis:33.33%\">\n<figure class=\"wp-block-image size-full\"><a href=\"https:\/\/www.palmblattbibliotheken.de\/it\/kontakt\/\"><img loading=\"lazy\" decoding=\"async\" width=\"120\" height=\"120\" src=\"https:\/\/www.palmblattbibliotheken.de\/wp-content\/uploads\/2024\/09\/icon_kontakt.png\" alt=\"\" class=\"wp-image-1135\"\/><\/a><\/figure>\n<\/div>\n<\/div>\n<\/nav><nav id=\"block-9\" class=\"widget widget_block widget-collapsible\">\n<div class=\"wp-block-group\"><div class=\"wp-block-group__inner-container is-layout-flow wp-block-group-is-layout-flow\">\n<h5 class=\"wp-block-heading\">Biblioteca delle foglie del destino<\/h5>\n\n\n\n<hr>\n\n\n<div class=\"wp-block-image\">\n<figure class=\"aligncenter size-full\"><a href=\"https:\/\/www.palmblattbibliotheken.de\/it\/palmblattbibliothek\/\"><img loading=\"lazy\" decoding=\"async\" width=\"215\" height=\"81\" src=\"https:\/\/www.palmblattbibliotheken.de\/wp-content\/uploads\/2024\/09\/image.png\" alt=\"\" class=\"wp-image-1027\"\/><\/a><\/figure>\n<\/div><\/div><\/div>\n<\/nav>\t\t\t\t<\/div>\n\t\t\t\t<\/div>\n\t\t\t\t\t\t<\/div>\r\n\t\t\t\t\r\n\t\t\t<\/div>\r\n\t\t\t\t\t<\/div>","protected":false},"excerpt":{"rendered":"<p>Nachhaltigkeit Home Bei einem Langstreckenflug nach Indien entsteht eine Menge an CO2 und anderen Abgasen. Um diese zu kompensieren, kann man z.B. bei Atmosfair eine freiwillige Zahlung leisten. Die zertifizierte Institution sorgt daf\u00fcr, dass Projekte finanziert werden, die den Aussto\u00df an anderer Stelle (z.B. eine Solaranlage f\u00fcr Warmwasser) wieder einsparen und so den\u00a0Flug kompensieren. Auf [&hellip;]<\/p>","protected":false},"author":1,"featured_media":0,"parent":1531,"menu_order":0,"comment_status":"closed","ping_status":"closed","template":"elementor_header_footer","meta":{"_acf_changed":false,"footnotes":""},"class_list":["post-1538","page","type-page","status-publish","hentry"],"acf":[],"yoast_head":"<!-- This site is optimized with the Yoast SEO plugin v26.8 - https:\/\/yoast.com\/product\/yoast-seo-wordpress\/ -->\n<title>Nachhaltigkeit - Reise zur Palmblattbibliothek - Mystic Travel<\/title>\n<meta name=\"robots\" content=\"index, follow, max-snippet:-1, max-image-preview:large, max-video-preview:-1\" \/>\n<link rel=\"canonical\" href=\"https:\/\/www.palmblattbibliotheken.de\/it\/reisebegleiter\/nachhaltigkeit\/\" \/>\n<meta property=\"og:locale\" content=\"it_IT\" \/>\n<meta property=\"og:type\" content=\"article\" \/>\n<meta property=\"og:title\" content=\"Nachhaltigkeit - Reise zur Palmblattbibliothek - Mystic Travel\" \/>\n<meta property=\"og:description\" content=\"Nachhaltigkeit Home Bei einem Langstreckenflug nach Indien entsteht eine Menge an CO2 und anderen Abgasen. Um diese zu kompensieren, kann man z.B. bei Atmosfair eine freiwillige Zahlung leisten. Die zertifizierte Institution sorgt daf\u00fcr, dass Projekte finanziert werden, die den Aussto\u00df an anderer Stelle (z.B. eine Solaranlage f\u00fcr Warmwasser) wieder einsparen und so den\u00a0Flug kompensieren. Auf [&hellip;]\" \/>\n<meta property=\"og:url\" content=\"https:\/\/www.palmblattbibliotheken.de\/it\/reisebegleiter\/nachhaltigkeit\/\" \/>\n<meta property=\"og:site_name\" content=\"Reise zur Palmblattbibliothek - Mystic Travel\" \/>\n<meta property=\"article:publisher\" content=\"https:\/\/www.facebook.com\/Palmblattbibliothek.Indien\" \/>\n<meta property=\"article:modified_time\" content=\"2024-12-29T16:29:25+00:00\" \/>\n<meta property=\"og:image\" content=\"https:\/\/www.palmblattbibliotheken.de\/wp-content\/uploads\/2024\/09\/atm_logo_de.png\" \/>\n<meta name=\"twitter:card\" content=\"summary_large_image\" \/>\n<meta name=\"twitter:label1\" content=\"Tempo di lettura stimato\" \/>\n\t<meta name=\"twitter:data1\" content=\"3 minuti\" \/>\n<script type=\"application\/ld+json\" class=\"yoast-schema-graph\">{\"@context\":\"https:\/\/schema.org\",\"@graph\":[{\"@type\":\"WebPage\",\"@id\":\"https:\/\/www.palmblattbibliotheken.de\/it\/reisebegleiter\/nachhaltigkeit\/\",\"url\":\"https:\/\/www.palmblattbibliotheken.de\/it\/reisebegleiter\/nachhaltigkeit\/\",\"name\":\"Nachhaltigkeit - Reise zur Palmblattbibliothek - Mystic Travel\",\"isPartOf\":{\"@id\":\"https:\/\/www.palmblattbibliotheken.de\/it\/#website\"},\"primaryImageOfPage\":{\"@id\":\"https:\/\/www.palmblattbibliotheken.de\/it\/reisebegleiter\/nachhaltigkeit\/#primaryimage\"},\"image\":{\"@id\":\"https:\/\/www.palmblattbibliotheken.de\/it\/reisebegleiter\/nachhaltigkeit\/#primaryimage\"},\"thumbnailUrl\":\"https:\/\/www.palmblattbibliotheken.de\/wp-content\/uploads\/2024\/09\/atm_logo_de.png\",\"datePublished\":\"2024-09-04T16:56:57+00:00\",\"dateModified\":\"2024-12-29T16:29:25+00:00\",\"breadcrumb\":{\"@id\":\"https:\/\/www.palmblattbibliotheken.de\/it\/reisebegleiter\/nachhaltigkeit\/#breadcrumb\"},\"inLanguage\":\"it-IT\",\"potentialAction\":[{\"@type\":\"ReadAction\",\"target\":[\"https:\/\/www.palmblattbibliotheken.de\/it\/reisebegleiter\/nachhaltigkeit\/\"]}]},{\"@type\":\"ImageObject\",\"inLanguage\":\"it-IT\",\"@id\":\"https:\/\/www.palmblattbibliotheken.de\/it\/reisebegleiter\/nachhaltigkeit\/#primaryimage\",\"url\":\"https:\/\/www.palmblattbibliotheken.de\/wp-content\/uploads\/2024\/09\/atm_logo_de.png\",\"contentUrl\":\"https:\/\/www.palmblattbibliotheken.de\/wp-content\/uploads\/2024\/09\/atm_logo_de.png\"},{\"@type\":\"BreadcrumbList\",\"@id\":\"https:\/\/www.palmblattbibliotheken.de\/it\/reisebegleiter\/nachhaltigkeit\/#breadcrumb\",\"itemListElement\":[{\"@type\":\"ListItem\",\"position\":1,\"name\":\"Startseite\",\"item\":\"https:\/\/www.palmblattbibliotheken.de\/it\/\"},{\"@type\":\"ListItem\",\"position\":2,\"name\":\"Nachhaltigkeit\"}]},{\"@type\":\"WebSite\",\"@id\":\"https:\/\/www.palmblattbibliotheken.de\/it\/#website\",\"url\":\"https:\/\/www.palmblattbibliotheken.de\/it\/\",\"name\":\"Reise zur Palmblattbibliothek - Mystic Travel\",\"description\":\"Finde zu Dir selbst \u2013 Spirituelle und mystische Abenteuerreisen warten auf Dich\",\"publisher\":{\"@id\":\"https:\/\/www.palmblattbibliotheken.de\/it\/#organization\"},\"potentialAction\":[{\"@type\":\"SearchAction\",\"target\":{\"@type\":\"EntryPoint\",\"urlTemplate\":\"https:\/\/www.palmblattbibliotheken.de\/it\/?s={search_term_string}\"},\"query-input\":{\"@type\":\"PropertyValueSpecification\",\"valueRequired\":true,\"valueName\":\"search_term_string\"}}],\"inLanguage\":\"it-IT\"},{\"@type\":\"Organization\",\"@id\":\"https:\/\/www.palmblattbibliotheken.de\/it\/#organization\",\"name\":\"Mystic Travel\",\"url\":\"https:\/\/www.palmblattbibliotheken.de\/it\/\",\"logo\":{\"@type\":\"ImageObject\",\"inLanguage\":\"it-IT\",\"@id\":\"https:\/\/www.palmblattbibliotheken.de\/it\/#\/schema\/logo\/image\/\",\"url\":\"https:\/\/www.palmblattbibliotheken.de\/wp-content\/uploads\/2024\/09\/cropped-cropped-logo_mystic_travel_141x121.jpg\",\"contentUrl\":\"https:\/\/www.palmblattbibliotheken.de\/wp-content\/uploads\/2024\/09\/cropped-cropped-logo_mystic_travel_141x121.jpg\",\"width\":511,\"height\":511,\"caption\":\"Mystic Travel\"},\"image\":{\"@id\":\"https:\/\/www.palmblattbibliotheken.de\/it\/#\/schema\/logo\/image\/\"},\"sameAs\":[\"https:\/\/www.facebook.com\/Palmblattbibliothek.Indien\",\"https:\/\/www.instagram.com\/mystictravel.de\/\"]}]}<\/script>\n<!-- \/ Yoast SEO plugin. -->","yoast_head_json":{"title":"Nachhaltigkeit - Reise zur Palmblattbibliothek - Mystic Travel","robots":{"index":"index","follow":"follow","max-snippet":"max-snippet:-1","max-image-preview":"max-image-preview:large","max-video-preview":"max-video-preview:-1"},"canonical":"https:\/\/www.palmblattbibliotheken.de\/it\/reisebegleiter\/nachhaltigkeit\/","og_locale":"it_IT","og_type":"article","og_title":"Nachhaltigkeit - Reise zur Palmblattbibliothek - Mystic Travel","og_description":"Nachhaltigkeit Home Bei einem Langstreckenflug nach Indien entsteht eine Menge an CO2 und anderen Abgasen. Um diese zu kompensieren, kann man z.B. bei Atmosfair eine freiwillige Zahlung leisten. Die zertifizierte Institution sorgt daf\u00fcr, dass Projekte finanziert werden, die den Aussto\u00df an anderer Stelle (z.B. eine Solaranlage f\u00fcr Warmwasser) wieder einsparen und so den\u00a0Flug kompensieren. Auf [&hellip;]","og_url":"https:\/\/www.palmblattbibliotheken.de\/it\/reisebegleiter\/nachhaltigkeit\/","og_site_name":"Reise zur Palmblattbibliothek - Mystic Travel","article_publisher":"https:\/\/www.facebook.com\/Palmblattbibliothek.Indien","article_modified_time":"2024-12-29T16:29:25+00:00","og_image":[{"url":"https:\/\/www.palmblattbibliotheken.de\/wp-content\/uploads\/2024\/09\/atm_logo_de.png","type":"","width":"","height":""}],"twitter_card":"summary_large_image","twitter_misc":{"Tempo di lettura stimato":"3 minuti"},"schema":{"@context":"https:\/\/schema.org","@graph":[{"@type":"WebPage","@id":"https:\/\/www.palmblattbibliotheken.de\/it\/reisebegleiter\/nachhaltigkeit\/","url":"https:\/\/www.palmblattbibliotheken.de\/it\/reisebegleiter\/nachhaltigkeit\/","name":"Nachhaltigkeit - Reise zur Palmblattbibliothek - Mystic Travel","isPartOf":{"@id":"https:\/\/www.palmblattbibliotheken.de\/it\/#website"},"primaryImageOfPage":{"@id":"https:\/\/www.palmblattbibliotheken.de\/it\/reisebegleiter\/nachhaltigkeit\/#primaryimage"},"image":{"@id":"https:\/\/www.palmblattbibliotheken.de\/it\/reisebegleiter\/nachhaltigkeit\/#primaryimage"},"thumbnailUrl":"https:\/\/www.palmblattbibliotheken.de\/wp-content\/uploads\/2024\/09\/atm_logo_de.png","datePublished":"2024-09-04T16:56:57+00:00","dateModified":"2024-12-29T16:29:25+00:00","breadcrumb":{"@id":"https:\/\/www.palmblattbibliotheken.de\/it\/reisebegleiter\/nachhaltigkeit\/#breadcrumb"},"inLanguage":"it-IT","potentialAction":[{"@type":"ReadAction","target":["https:\/\/www.palmblattbibliotheken.de\/it\/reisebegleiter\/nachhaltigkeit\/"]}]},{"@type":"ImageObject","inLanguage":"it-IT","@id":"https:\/\/www.palmblattbibliotheken.de\/it\/reisebegleiter\/nachhaltigkeit\/#primaryimage","url":"https:\/\/www.palmblattbibliotheken.de\/wp-content\/uploads\/2024\/09\/atm_logo_de.png","contentUrl":"https:\/\/www.palmblattbibliotheken.de\/wp-content\/uploads\/2024\/09\/atm_logo_de.png"},{"@type":"BreadcrumbList","@id":"https:\/\/www.palmblattbibliotheken.de\/it\/reisebegleiter\/nachhaltigkeit\/#breadcrumb","itemListElement":[{"@type":"ListItem","position":1,"name":"Startseite","item":"https:\/\/www.palmblattbibliotheken.de\/it\/"},{"@type":"ListItem","position":2,"name":"Nachhaltigkeit"}]},{"@type":"WebSite","@id":"https:\/\/www.palmblattbibliotheken.de\/it\/#website","url":"https:\/\/www.palmblattbibliotheken.de\/it\/","name":"Reise zur Palmblattbibliothek - Mystic Travel","description":"Finde zu Dir selbst \u2013 Spirituelle und mystische Abenteuerreisen warten auf Dich","publisher":{"@id":"https:\/\/www.palmblattbibliotheken.de\/it\/#organization"},"potentialAction":[{"@type":"SearchAction","target":{"@type":"EntryPoint","urlTemplate":"https:\/\/www.palmblattbibliotheken.de\/it\/?s={search_term_string}"},"query-input":{"@type":"PropertyValueSpecification","valueRequired":true,"valueName":"search_term_string"}}],"inLanguage":"it-IT"},{"@type":"Organization","@id":"https:\/\/www.palmblattbibliotheken.de\/it\/#organization","name":"Mystic Travel","url":"https:\/\/www.palmblattbibliotheken.de\/it\/","logo":{"@type":"ImageObject","inLanguage":"it-IT","@id":"https:\/\/www.palmblattbibliotheken.de\/it\/#\/schema\/logo\/image\/","url":"https:\/\/www.palmblattbibliotheken.de\/wp-content\/uploads\/2024\/09\/cropped-cropped-logo_mystic_travel_141x121.jpg","contentUrl":"https:\/\/www.palmblattbibliotheken.de\/wp-content\/uploads\/2024\/09\/cropped-cropped-logo_mystic_travel_141x121.jpg","width":511,"height":511,"caption":"Mystic Travel"},"image":{"@id":"https:\/\/www.palmblattbibliotheken.de\/it\/#\/schema\/logo\/image\/"},"sameAs":["https:\/\/www.facebook.com\/Palmblattbibliothek.Indien","https:\/\/www.instagram.com\/mystictravel.de\/"]}]}},"_links":{"self":[{"href":"https:\/\/www.palmblattbibliotheken.de\/it\/wp-json\/wp\/v2\/pages\/1538","targetHints":{"allow":["GET"]}}],"collection":[{"href":"https:\/\/www.palmblattbibliotheken.de\/it\/wp-json\/wp\/v2\/pages"}],"about":[{"href":"https:\/\/www.palmblattbibliotheken.de\/it\/wp-json\/wp\/v2\/types\/page"}],"author":[{"embeddable":true,"href":"https:\/\/www.palmblattbibliotheken.de\/it\/wp-json\/wp\/v2\/users\/1"}],"replies":[{"embeddable":true,"href":"https:\/\/www.palmblattbibliotheken.de\/it\/wp-json\/wp\/v2\/comments?post=1538"}],"version-history":[{"count":14,"href":"https:\/\/www.palmblattbibliotheken.de\/it\/wp-json\/wp\/v2\/pages\/1538\/revisions"}],"predecessor-version":[{"id":2446,"href":"https:\/\/www.palmblattbibliotheken.de\/it\/wp-json\/wp\/v2\/pages\/1538\/revisions\/2446"}],"up":[{"embeddable":true,"href":"https:\/\/www.palmblattbibliotheken.de\/it\/wp-json\/wp\/v2\/pages\/1531"}],"wp:attachment":[{"href":"https:\/\/www.palmblattbibliotheken.de\/it\/wp-json\/wp\/v2\/media?parent=1538"}],"curies":[{"name":"wp","href":"https:\/\/api.w.org\/{rel}","templated":true}]}}